{"id":2842,"date":"2019-08-24T19:37:07","date_gmt":"2019-08-24T16:37:07","guid":{"rendered":"https:\/\/himos.fi\/yhteystiedot\/"},"modified":"2025-11-19T10:30:07","modified_gmt":"2025-11-19T08:30:07","slug":"contact-us","status":"publish","type":"page","link":"https:\/\/himos.fi\/en\/info\/contact-us\/","title":{"rendered":"Contact us"},"content":{"rendered":"\n<h2>CONTACT US<\/h2>\n\n\n\n<figure class=\"wp-block-table is-style-stripes\"><table class=\"has-background\" style=\"background-color:#e7f5fe\"><tbody><tr><td><strong>Himos-Yhti\u00f6t Oy<\/strong><br>Office<br>L\u00e4nsikeskuksentie 11<br>42100 J\u00e4ms\u00e4<\/td><td><strong>Phone<\/strong><br>Switch +358 20 711 9100<br><br><\/td><td><\/td><td><a href=\"mailto:markkinointi@himos.fi\">markkinointi@himos.fi<\/a><br><a href=\"mailto:myynti@himos.fi\">myynti@himos.fi<\/a><br><\/td><\/tr><tr><td><\/td><td><\/td><td><\/td><td><\/td><\/tr><tr><td><\/td><td><\/td><td>Chief Executive Officer<\/td><td><a href=\"mailto:elsi.ojala@himos.fi\">Elsi Ojala<\/a><\/td><\/tr><tr><td><\/td><td><\/td><td><\/td><td><\/td><\/tr><tr><td><\/td><td><\/td><td>Business director,<br>slopes<\/td><td><a href=\"mailto:jouni.ojala@himos.fi\">Jouni Ojala<\/a><\/td><\/tr><tr><td><\/td><td><\/td><td><\/td><td><\/td><\/tr><tr><td><\/td><td><\/td><td>Operations Manager<\/td><td> <a href=\"mailto:ilpo.lapinmaki@himos.fi\">Ilpo Lapinm\u00e4ki<\/a> <\/td><\/tr><tr><td><\/td><td><\/td><td><\/td><td><\/td><\/tr><tr><td><\/td><td><\/td><td>Slope Operations Manager<\/td><td> <a href=\"mailto:hanna.patajoki@himos.fi\" target=\"_blank\" rel=\"noreferrer noopener\">Hanna Patajoki<\/a><\/td><\/tr><tr><td><\/td><td><\/td><td><\/td><td><\/td><\/tr><tr><td><\/td><td><\/td><td>Lift equivalent<\/td><td> <a href=\"mailto:oliver.brigo@himos.fi\">Oliver Brigo<\/a> <\/td><\/tr><tr><td><\/td><td><\/td><td><\/td><td><\/td><\/tr><tr><td><\/td><td><\/td><td>Ski School equivalent<\/td><td><a href=\"mailto:minna.stenberg@himos.fi\" target=\"_blank\" rel=\"noreferrer noopener\">Minna Stenberg<\/a><\/td><\/tr><tr><td><\/td><td><\/td><td><\/td><td><\/td><\/tr><tr><td><strong>Ticket Office<\/strong><br>Western slopes, L\u00e4nsikeskuksesntie 9<br>Northern slopes, Patajoentie 210<\/td><td>Calls via switch number <br>+358 20 711 9100<\/td><td><br>Sales Manager<br>Sales Secretary<\/td><td><br><a href=\"mailto:mia.anttonen@himos.fi\">Mia Anttonen<\/a><br><a href=\"mailto:jaana.liukkonen@himos.fi\">Jaana Liukkonen<\/a><\/td><\/tr><tr><td><\/td><td><\/td><td><\/td><td><\/td><\/tr><tr><td><strong>Ski Rental <\/strong><br>Western slopes, L\u00e4nsikeskuksentie 11 <br>Northern slopes, Patajoentie 210<\/td><td><br>+358 20 711 9115<br>+358 20 711 9163<\/td><td><br>Rental Superior<br><\/td><td><br><a href=\"mailto:santtuhiekkataipale@himos.fi\" target=\"_blank\" rel=\"noreferrer noopener\">Mikko V\u00e4nsk\u00e4<\/a><br><a href=\"mailto:minna.kivi@himos.fi\"><\/a><\/td><\/tr><tr><td><\/td><td><\/td><td><\/td><td><\/td><\/tr><tr><td><strong>Board of directors<\/strong><br>Chairman of the board, entrepreneur<br>Member of the board, entrepreneur<br>Member of the board<br>Member of the board<\/td><td><\/td><td><\/td><td><a href=\"mailto:juhani.ojala@himos.fi\" target=\"_blank\" rel=\"noreferrer noopener\">Juhani Ojala<\/a><br><a href=\"mailto:paivi.kuokkanen@himos.fi\" target=\"_blank\" rel=\"noreferrer noopener\">P\u00e4ivi Kuokkanen<\/a><br><a href=\"mailto:elsi.ojala@himos.fi\" target=\"_blank\" rel=\"noreferrer noopener\">Elsi Ojala<\/a><br><a href=\"mailto:jouni.ojala@himos.fi\" target=\"_blank\" rel=\"noreferrer noopener\">Jouni Ojala<\/a><\/td><\/tr><\/tbody><\/table><figcaption><strong><em>Ski rental direct numbers are on use during the skiing season (from opening till closing). In other times, please contact to the Resorts switch number 020 711 9100<\/em><\/strong>.<\/figcaption><\/figure>\n","protected":false},"excerpt":{"rendered":"<p>CONTACT US Himos-Yhti\u00f6t OyOfficeL\u00e4nsikeskuksentie 1142100 J\u00e4ms\u00e4 PhoneSwitch +358 20 711 9100 markkinointi@himos.fimyynti@himos.fi Chief Executive Officer Elsi Ojala Business director,slopes Jouni Ojala Operations Manager Ilpo Lapinm\u00e4ki Slope Operations Manager Hanna Patajoki Lift equivalent Oliver Brigo Ski School equivalent Minna Stenberg Ticket OfficeWestern slopes, L\u00e4nsikeskuksesntie 9Northern slopes, Patajoentie 210 Calls via switch number +358 20 711 9100 [&hellip;]<\/p>\n","protected":false},"author":1,"featured_media":0,"parent":3055,"menu_order":1,"comment_status":"closed","ping_status":"closed","template":"template-sub.php","meta":[],"acf":[],"featured_image_src":null,"yoast_head":"<!-- This site is optimized with the Yoast SEO plugin v19.11 - https:\/\/yoast.com\/wordpress\/plugins\/seo\/ -->\n<title>Contact us - Himos.fi | Central point of Skiing Finland!<\/title>\n<meta name=\"robots\" content=\"index, follow, max-snippet:-1, max-image-preview:large, max-video-preview:-1\" \/>\n<link rel=\"canonical\" href=\"https:\/\/himos.fi\/en\/info\/contact-us\/\" \/>\n<meta property=\"og:locale\" content=\"en_US\" \/>\n<meta property=\"og:type\" content=\"article\" \/>\n<meta property=\"og:title\" content=\"Contact us - Himos.fi | Central point of Skiing Finland!\" \/>\n<meta property=\"og:description\" content=\"CONTACT US Himos-Yhti\u00f6t OyOfficeL\u00e4nsikeskuksentie 1142100 J\u00e4ms\u00e4 PhoneSwitch +358 20 711 9100 markkinointi@himos.fimyynti@himos.fi Chief Executive Officer Elsi Ojala Business director,slopes Jouni Ojala Operations Manager Ilpo Lapinm\u00e4ki Slope Operations Manager Hanna Patajoki Lift equivalent Oliver Brigo Ski School equivalent Minna Stenberg Ticket OfficeWestern slopes, L\u00e4nsikeskuksesntie 9Northern slopes, Patajoentie 210 Calls via switch number +358 20 711 9100 [&hellip;]\" \/>\n<meta property=\"og:url\" content=\"https:\/\/himos.fi\/en\/info\/contact-us\/\" \/>\n<meta property=\"og:site_name\" content=\"Himos.fi\" \/>\n<meta property=\"article:publisher\" content=\"https:\/\/www.facebook.com\/himosskiresort\/\" \/>\n<meta property=\"article:modified_time\" content=\"2025-11-19T08:30:07+00:00\" \/>\n<meta name=\"twitter:card\" content=\"summary_large_image\" \/>\n<meta name=\"twitter:label1\" content=\"Est. reading time\" \/>\n\t<meta name=\"twitter:data1\" content=\"1 minute\" \/>\n<script type=\"application\/ld+json\" class=\"yoast-schema-graph\">{\"@context\":\"https:\/\/schema.org\",\"@graph\":[{\"@type\":\"WebPage\",\"@id\":\"https:\/\/himos.fi\/en\/info\/contact-us\/\",\"url\":\"https:\/\/himos.fi\/en\/info\/contact-us\/\",\"name\":\"Contact us - Himos.fi | Central point of Skiing Finland!\",\"isPartOf\":{\"@id\":\"https:\/\/himos.fi\/en\/#website\"},\"datePublished\":\"2019-08-24T16:37:07+00:00\",\"dateModified\":\"2025-11-19T08:30:07+00:00\",\"breadcrumb\":{\"@id\":\"https:\/\/himos.fi\/en\/info\/contact-us\/#breadcrumb\"},\"inLanguage\":\"en-US\",\"potentialAction\":[{\"@type\":\"ReadAction\",\"target\":[\"https:\/\/himos.fi\/en\/info\/contact-us\/\"]}]},{\"@type\":\"BreadcrumbList\",\"@id\":\"https:\/\/himos.fi\/en\/info\/contact-us\/#breadcrumb\",\"itemListElement\":[{\"@type\":\"ListItem\",\"position\":1,\"name\":\"Home\",\"item\":\"https:\/\/himos.fi\/en\/\"},{\"@type\":\"ListItem\",\"position\":2,\"name\":\"Contact\",\"item\":\"https:\/\/himos.fi\/en\/info\/\"},{\"@type\":\"ListItem\",\"position\":3,\"name\":\"Contact us\"}]},{\"@type\":\"WebSite\",\"@id\":\"https:\/\/himos.fi\/en\/#website\",\"url\":\"https:\/\/himos.fi\/en\/\",\"name\":\"Himos.fi\",\"description\":\"Lumi-Suomen keskipiste!\",\"publisher\":{\"@id\":\"https:\/\/himos.fi\/en\/#organization\"},\"potentialAction\":[{\"@type\":\"SearchAction\",\"target\":{\"@type\":\"EntryPoint\",\"urlTemplate\":\"https:\/\/himos.fi\/en\/?s={search_term_string}\"},\"query-input\":\"required name=search_term_string\"}],\"inLanguage\":\"en-US\"},{\"@type\":\"Organization\",\"@id\":\"https:\/\/himos.fi\/en\/#organization\",\"name\":\"Himos-Yhti\u00f6t Oy\",\"url\":\"https:\/\/himos.fi\/en\/\",\"logo\":{\"@type\":\"ImageObject\",\"inLanguage\":\"en-US\",\"@id\":\"https:\/\/himos.fi\/en\/#\/schema\/logo\/image\/\",\"url\":\"https:\/\/himos.fi\/wp-content\/uploads\/2019\/09\/logo-meili.jpg\",\"contentUrl\":\"https:\/\/himos.fi\/wp-content\/uploads\/2019\/09\/logo-meili.jpg\",\"width\":273,\"height\":96,\"caption\":\"Himos-Yhti\u00f6t Oy\"},\"image\":{\"@id\":\"https:\/\/himos.fi\/en\/#\/schema\/logo\/image\/\"},\"sameAs\":[\"https:\/\/www.instagram.com\/himosskiresort\/\",\"https:\/\/www.youtube.com\/channel\/UCwqSxGN5HaqH3FvCl96ZBFw\",\"https:\/\/www.facebook.com\/himosskiresort\/\"]}]}<\/script>\n<!-- \/ Yoast SEO plugin. -->","yoast_head_json":{"title":"Contact us - Himos.fi | Central point of Skiing Finland!","robots":{"index":"index","follow":"follow","max-snippet":"max-snippet:-1","max-image-preview":"max-image-preview:large","max-video-preview":"max-video-preview:-1"},"canonical":"https:\/\/himos.fi\/en\/info\/contact-us\/","og_locale":"en_US","og_type":"article","og_title":"Contact us - Himos.fi | Central point of Skiing Finland!","og_description":"CONTACT US Himos-Yhti\u00f6t OyOfficeL\u00e4nsikeskuksentie 1142100 J\u00e4ms\u00e4 PhoneSwitch +358 20 711 9100 markkinointi@himos.fimyynti@himos.fi Chief Executive Officer Elsi Ojala Business director,slopes Jouni Ojala Operations Manager Ilpo Lapinm\u00e4ki Slope Operations Manager Hanna Patajoki Lift equivalent Oliver Brigo Ski School equivalent Minna Stenberg Ticket OfficeWestern slopes, L\u00e4nsikeskuksesntie 9Northern slopes, Patajoentie 210 Calls via switch number +358 20 711 9100 [&hellip;]","og_url":"https:\/\/himos.fi\/en\/info\/contact-us\/","og_site_name":"Himos.fi","article_publisher":"https:\/\/www.facebook.com\/himosskiresort\/","article_modified_time":"2025-11-19T08:30:07+00:00","twitter_card":"summary_large_image","twitter_misc":{"Est. reading time":"1 minute"},"schema":{"@context":"https:\/\/schema.org","@graph":[{"@type":"WebPage","@id":"https:\/\/himos.fi\/en\/info\/contact-us\/","url":"https:\/\/himos.fi\/en\/info\/contact-us\/","name":"Contact us - Himos.fi | Central point of Skiing Finland!","isPartOf":{"@id":"https:\/\/himos.fi\/en\/#website"},"datePublished":"2019-08-24T16:37:07+00:00","dateModified":"2025-11-19T08:30:07+00:00","breadcrumb":{"@id":"https:\/\/himos.fi\/en\/info\/contact-us\/#breadcrumb"},"inLanguage":"en-US","potentialAction":[{"@type":"ReadAction","target":["https:\/\/himos.fi\/en\/info\/contact-us\/"]}]},{"@type":"BreadcrumbList","@id":"https:\/\/himos.fi\/en\/info\/contact-us\/#breadcrumb","itemListElement":[{"@type":"ListItem","position":1,"name":"Home","item":"https:\/\/himos.fi\/en\/"},{"@type":"ListItem","position":2,"name":"Contact","item":"https:\/\/himos.fi\/en\/info\/"},{"@type":"ListItem","position":3,"name":"Contact us"}]},{"@type":"WebSite","@id":"https:\/\/himos.fi\/en\/#website","url":"https:\/\/himos.fi\/en\/","name":"Himos.fi","description":"Lumi-Suomen keskipiste!","publisher":{"@id":"https:\/\/himos.fi\/en\/#organization"},"potentialAction":[{"@type":"SearchAction","target":{"@type":"EntryPoint","urlTemplate":"https:\/\/himos.fi\/en\/?s={search_term_string}"},"query-input":"required name=search_term_string"}],"inLanguage":"en-US"},{"@type":"Organization","@id":"https:\/\/himos.fi\/en\/#organization","name":"Himos-Yhti\u00f6t Oy","url":"https:\/\/himos.fi\/en\/","logo":{"@type":"ImageObject","inLanguage":"en-US","@id":"https:\/\/himos.fi\/en\/#\/schema\/logo\/image\/","url":"https:\/\/himos.fi\/wp-content\/uploads\/2019\/09\/logo-meili.jpg","contentUrl":"https:\/\/himos.fi\/wp-content\/uploads\/2019\/09\/logo-meili.jpg","width":273,"height":96,"caption":"Himos-Yhti\u00f6t Oy"},"image":{"@id":"https:\/\/himos.fi\/en\/#\/schema\/logo\/image\/"},"sameAs":["https:\/\/www.instagram.com\/himosskiresort\/","https:\/\/www.youtube.com\/channel\/UCwqSxGN5HaqH3FvCl96ZBFw","https:\/\/www.facebook.com\/himosskiresort\/"]}]}},"_links":{"self":[{"href":"https:\/\/himos.fi\/en\/wp-json\/wp\/v2\/pages\/2842"}],"collection":[{"href":"https:\/\/himos.fi\/en\/wp-json\/wp\/v2\/pages"}],"about":[{"href":"https:\/\/himos.fi\/en\/wp-json\/wp\/v2\/types\/page"}],"author":[{"embeddable":true,"href":"https:\/\/himos.fi\/en\/wp-json\/wp\/v2\/users\/1"}],"replies":[{"embeddable":true,"href":"https:\/\/himos.fi\/en\/wp-json\/wp\/v2\/comments?post=2842"}],"version-history":[{"count":12,"href":"https:\/\/himos.fi\/en\/wp-json\/wp\/v2\/pages\/2842\/revisions"}],"predecessor-version":[{"id":19511,"href":"https:\/\/himos.fi\/en\/wp-json\/wp\/v2\/pages\/2842\/revisions\/19511"}],"up":[{"embeddable":true,"href":"https:\/\/himos.fi\/en\/wp-json\/wp\/v2\/pages\/3055"}],"wp:attachment":[{"href":"https:\/\/himos.fi\/en\/wp-json\/wp\/v2\/media?parent=2842"}],"curies":[{"name":"wp","href":"https:\/\/api.w.org\/{rel}","templated":true}]}}