{"id":2864,"date":"2019-08-06T09:45:48","date_gmt":"2019-08-06T06:45:48","guid":{"rendered":"https:\/\/himos.fi\/aktiviteetit\/"},"modified":"2026-04-01T13:55:15","modified_gmt":"2026-04-01T10:55:15","slug":"activities-and-well-being","status":"publish","type":"page","link":"https:\/\/himos.fi\/en\/other-services\/activities-and-well-being\/","title":{"rendered":"Activities and well-being"},"content":{"rendered":"\n<div style=\"height:27px\" aria-hidden=\"true\" class=\"wp-block-spacer\"><\/div>\n\n\n\n<h2>ACTIVITIES<\/h2>\n\n\n\n<div class=\"wp-container-4 wp-block-columns has-3-columns\">\n<div class=\"wp-container-1 wp-block-column\">\n<figure class=\"wp-block-image\"><a href=\"https:\/\/himos.fi\/maastohiihto\/\" target=\"_blank\" rel=\"noreferrer noopener\"><img loading=\"lazy\" width=\"658\" height=\"400\" src=\"https:\/\/himos.fi\/wp-content\/uploads\/2019\/09\/Hiiht\u00e4j\u00e4.jpg\" alt=\"\" class=\"wp-image-2266\" srcset=\"https:\/\/himos.fi\/wp-content\/uploads\/2019\/09\/Hiiht\u00e4j\u00e4.jpg 658w, https:\/\/himos.fi\/wp-content\/uploads\/2019\/09\/Hiiht\u00e4j\u00e4-300x182.jpg 300w\" sizes=\"(max-width: 658px) 100vw, 658px\" \/><\/a><figcaption> <strong><a rel=\"noreferrer noopener\" href=\"https:\/\/himos.fi\/maastohiihto\/\" target=\"_blank\">Cross country skiing<\/a><\/strong> <\/figcaption><\/figure>\n\n\n\n<p>\u00bb <a rel=\"noreferrer noopener\" aria-label=\" (avautuu uudessa v\u00e4lilehdess\u00e4)\" href=\"https:\/\/jamsa.sometec.fi\/latukartta.html\" target=\"_blank\">Tracks t<\/a><a href=\"https:\/\/jamsa.sometec.fi\/index.html?sP303226P2500P\" target=\"_blank\" rel=\"noreferrer noopener\" aria-label=\"oday (avautuu uudessa v\u00e4lilehdess\u00e4)\">oday<\/a><\/p>\n<\/div>\n\n\n\n<div class=\"wp-container-2 wp-block-column\">\n<figure class=\"wp-block-image size-full\"><a href=\"https:\/\/simulaattorimaailma.fi\/in-english\/\" target=\"_blank\" rel=\"noreferrer noopener\"><img loading=\"lazy\" width=\"658\" height=\"400\" src=\"https:\/\/himos.fi\/wp-content\/uploads\/2022\/11\/Simulaattorimaailma-22-23-eng-1.jpg\" alt=\"\" class=\"wp-image-12655\" srcset=\"https:\/\/himos.fi\/wp-content\/uploads\/2022\/11\/Simulaattorimaailma-22-23-eng-1.jpg 658w, https:\/\/himos.fi\/wp-content\/uploads\/2022\/11\/Simulaattorimaailma-22-23-eng-1-300x182.jpg 300w\" sizes=\"(max-width: 658px) 100vw, 658px\" \/><\/a><figcaption><strong><a href=\"https:\/\/www.simulaattorimaailma.fi\/in-english\" target=\"_blank\" rel=\"noreferrer noopener\" aria-label=\"Simulaattorimaailma (avautuu uudessa v\u00e4lilehdess\u00e4)\">Simulaattorimaailma<\/a><\/strong><\/figcaption><\/figure>\n\n\n\n<p>P. +358 (0)400 415 098 | Peikkomets\u00e4ntie 2 | 42100 J\u00e4ms\u00e4<br>Private events at full throttle in Himos. Race with us, not on the highway!<\/p>\n<\/div>\n\n\n\n<div class=\"wp-container-3 wp-block-column\">\n<figure class=\"wp-block-image size-full\"><a href=\"https:\/\/www.jamsa.fi\/vapaa-aika-ja-matkailu\/liikunta-ja-ulkoilu\/uimahalli-koskikara\/\" target=\"_blank\" rel=\"noopener\"><img loading=\"lazy\" width=\"658\" height=\"400\" src=\"https:\/\/himos.fi\/wp-content\/uploads\/2021\/10\/www-Uimahalli-Koskikara-englanti.jpg\" alt=\"\" class=\"wp-image-8957\" srcset=\"https:\/\/himos.fi\/wp-content\/uploads\/2021\/10\/www-Uimahalli-Koskikara-englanti.jpg 658w, https:\/\/himos.fi\/wp-content\/uploads\/2021\/10\/www-Uimahalli-Koskikara-englanti-300x182.jpg 300w\" sizes=\"(max-width: 658px) 100vw, 658px\" \/><\/a><figcaption><strong><a href=\"https:\/\/www.jamsa.fi\/vapaa-aika-ja-matkailu\/liikunta-ja-ulkoilu\/uimahalli-koskikara\/\" target=\"_blank\" rel=\"noreferrer noopener\">Public swimming hall Koskikara<\/a><\/strong><\/figcaption><\/figure>\n\n\n\n<p>P. +358 (0)40 712 2522 | Koskikarantie 1 | 42300 J\u00e4ms\u00e4nkoski<br>From the swimming center Koskikara you will find training pool, therapy pool, chindren\u00b4s pool and gym. You can use sauna and steam room as well. The Koskikara offers you a chance for iceswimming (in winter). And in the summer you can swim in the nearby lake Koskikeskinen. From the cafe you will find drinks and snacks.<\/p>\n<\/div>\n<\/div>\n\n\n\n<div class=\"wp-container-8 wp-block-columns has-3-columns\">\n<div class=\"wp-container-5 wp-block-column\">\n<figure class=\"wp-block-image size-full\"><a href=\"https:\/\/himosravintolat.fi\/himosareena\/\" target=\"_blank\" rel=\"noreferrer noopener\"><img loading=\"lazy\" width=\"658\" height=\"400\" src=\"https:\/\/himos.fi\/wp-content\/uploads\/2025\/12\/himos-areena25-26_658x400.png\" alt=\"\" class=\"wp-image-29213\" srcset=\"https:\/\/himos.fi\/wp-content\/uploads\/2025\/12\/himos-areena25-26_658x400.png 658w, https:\/\/himos.fi\/wp-content\/uploads\/2025\/12\/himos-areena25-26_658x400-300x182.png 300w\" sizes=\"(max-width: 658px) 100vw, 658px\" \/><\/a><figcaption><strong><a href=\"https:\/\/himosravintolat.fi\/himosareena\/\" target=\"_blank\" rel=\"noreferrer noopener\">Himos Areena<\/a><\/strong><\/figcaption><\/figure>\n\n\n\n<p>Tel. +358 (0)20 711 9230 | himosholiday@himosholiday.com | S\u00e4yryl\u00e4ntie 445 | 42100 J\u00e4ms\u00e4<br>During the wintertime Himos Areena party weekends are filled with great Finnish artists and bands, age limit 18.<\/p>\n<\/div>\n\n\n\n<div class=\"wp-container-6 wp-block-column\">\n<figure class=\"wp-block-image size-full\"><a href=\"https:\/\/himoslomat.fi\/en\/activities-and-experiences\/\" target=\"_blank\" rel=\"noreferrer noopener\"><img loading=\"lazy\" width=\"658\" height=\"400\" src=\"https:\/\/himos.fi\/wp-content\/uploads\/2025\/12\/himos-safarit-25-26_658x400.png\" alt=\"\" class=\"wp-image-29218\" srcset=\"https:\/\/himos.fi\/wp-content\/uploads\/2025\/12\/himos-safarit-25-26_658x400.png 658w, https:\/\/himos.fi\/wp-content\/uploads\/2025\/12\/himos-safarit-25-26_658x400-300x182.png 300w\" sizes=\"(max-width: 658px) 100vw, 658px\" \/><\/a><figcaption><strong><a href=\"https:\/\/himoslomat.fi\/en\/activities-and-experiences\/\" target=\"_blank\" rel=\"noreferrer noopener\">Himos Safaries<\/a><\/strong><\/figcaption><\/figure>\n\n\n\n<p>Tel. +358 (0)20 711 9230 | himosholiday@himosholiday.com | <br>L\u00e4nsi-Himoksentie 4 | 42100 J\u00e4ms\u00e4<br>Himos Safaries specialises in arranging adventures, games and expeditions for families, groups and companies &#8211; all year round.<\/p>\n<\/div>\n\n\n\n<div class=\"wp-container-7 wp-block-column\">\n<figure class=\"wp-block-image size-full\"><a href=\"https:\/\/www.himosjamsa.fi\/en\/home\/\" target=\"_blank\" rel=\"noreferrer noopener\"><img loading=\"lazy\" width=\"658\" height=\"400\" src=\"https:\/\/himos.fi\/wp-content\/uploads\/2024\/09\/EN-Himos-Jamsa-658-x-400-px-V1-Himos.fi-sivujen-pieni-banneri-EN-24-25.jpg\" alt=\"\" class=\"wp-image-23516\" srcset=\"https:\/\/himos.fi\/wp-content\/uploads\/2024\/09\/EN-Himos-Jamsa-658-x-400-px-V1-Himos.fi-sivujen-pieni-banneri-EN-24-25.jpg 658w, https:\/\/himos.fi\/wp-content\/uploads\/2024\/09\/EN-Himos-Jamsa-658-x-400-px-V1-Himos.fi-sivujen-pieni-banneri-EN-24-25-300x182.jpg 300w\" sizes=\"(max-width: 658px) 100vw, 658px\" \/><\/a><figcaption><strong><a href=\"https:\/\/www.himosjamsa.fi\/en\/home\/\">Visit Himos-J\u00e4ms\u00e4 Tourist Information<\/a><\/strong><\/figcaption><\/figure>\n\n\n\n<p>Tel. +358 (0)50 372 0069 Tourist Information | <br>info@jamsa.fi<br>Himos-J\u00e4ms\u00e4 stays in your heart.<br>Check all our tourism services <a href=\"https:\/\/www.himosjamsa.fi\/en\/home\/\" target=\"_blank\" rel=\"noreferrer noopener\">www.himosjamsa.fi<\/a><\/p>\n<\/div>\n<\/div>\n\n\n\n<div style=\"height:25px\" aria-hidden=\"true\" class=\"wp-block-spacer\"><\/div>\n\n\n\n<div class=\"wp-container-12 wp-block-columns has-3-columns\">\n<div class=\"wp-container-9 wp-block-column\">\n<figure class=\"wp-block-image size-full\"><a href=\"https:\/\/himosravintolat.fi\/willilansi\/\" target=\"_blank\" rel=\"noreferrer noopener\"><img loading=\"lazy\" width=\"658\" height=\"400\" src=\"https:\/\/himos.fi\/wp-content\/uploads\/2025\/12\/willi-lansi-huvikeskus-25-26_658x400.png\" alt=\"\" class=\"wp-image-29223\" srcset=\"https:\/\/himos.fi\/wp-content\/uploads\/2025\/12\/willi-lansi-huvikeskus-25-26_658x400.png 658w, https:\/\/himos.fi\/wp-content\/uploads\/2025\/12\/willi-lansi-huvikeskus-25-26_658x400-300x182.png 300w\" sizes=\"(max-width: 658px) 100vw, 658px\" \/><\/a><figcaption><strong><a href=\"https:\/\/himosravintolat.fi\/willilansi\/\">Wild West &#8211; Willi L\u00e4nsi<\/a><\/strong><\/figcaption><\/figure>\n\n\n\n<p>Tel. +358 (0)20 711 9285 | himoslomat@himoslomat.fi | Peikkomets\u00e4 2 | 42100 J\u00e4ms\u00e4<br>Wild West Entertainment Centre offers activities every day, all year round, in a unique and distinctive setting. Go bowling, pay padel or enjoy golf in any season! The bistro-style restaurant Saloon, Himos\u00b4living room, seats up to 150 guests. <\/p>\n<\/div>\n\n\n\n<div class=\"wp-container-10 wp-block-column\">\n<figure class=\"wp-block-image size-full\"><a href=\"https:\/\/langelmakihalli.com\/\" target=\"_blank\" rel=\"noreferrer noopener\"><img loading=\"lazy\" width=\"658\" height=\"400\" src=\"https:\/\/himos.fi\/wp-content\/uploads\/2024\/12\/Langelmaki-halli-2024-englanti.jpg\" alt=\"\" class=\"wp-image-24873\" srcset=\"https:\/\/himos.fi\/wp-content\/uploads\/2024\/12\/Langelmaki-halli-2024-englanti.jpg 658w, https:\/\/himos.fi\/wp-content\/uploads\/2024\/12\/Langelmaki-halli-2024-englanti-300x182.jpg 300w\" sizes=\"(max-width: 658px) 100vw, 658px\" \/><\/a><figcaption><strong><a href=\"https:\/\/langelmakihalli.com\/\" target=\"_blank\" rel=\"noreferrer noopener\">L\u00e4ngelm\u00e4ki Halli Oy<\/a><\/strong><br><br>Tel. +358 (0)500 964 812 | info@langelmakihalli.com | Jykintie |<br>35400 L\u00e4ngelm\u00e4ki<br>For more information and booking via phone or e-mail.<\/figcaption><\/figure>\n<\/div>\n\n\n\n<div class=\"wp-container-11 wp-block-column\">\n<p><\/p>\n<\/div>\n<\/div>\n\n\n\n<div style=\"height:25px\" aria-hidden=\"true\" class=\"wp-block-spacer\"><\/div>\n\n\n\n<h2><\/h2>\n\n\n\n<div class=\"wp-container-16 wp-block-columns has-3-columns\">\n<div class=\"wp-container-13 wp-block-column\"><\/div>\n\n\n\n<div class=\"wp-container-14 wp-block-column\">\n<p><\/p>\n<\/div>\n\n\n\n<div class=\"wp-container-15 wp-block-column\">\n<p><\/p>\n<\/div>\n<\/div>\n","protected":false},"excerpt":{"rendered":"<p>ACTIVITIES \u00bb Tracks today P. +358 (0)400 415 098 | Peikkomets\u00e4ntie 2 | 42100 J\u00e4ms\u00e4Private events at full throttle in Himos. Race with us, not on the highway! P. +358 (0)40 712 2522 | Koskikarantie 1 | 42300 J\u00e4ms\u00e4nkoskiFrom the swimming center Koskikara you will find training pool, therapy pool, chindren\u00b4s pool and gym. You [&hellip;]<\/p>\n","protected":false},"author":1,"featured_media":0,"parent":3051,"menu_order":1,"comment_status":"closed","ping_status":"closed","template":"template-sub.php","meta":[],"acf":[],"featured_image_src":null,"yoast_head":"<!-- This site is optimized with the Yoast SEO plugin v19.11 - https:\/\/yoast.com\/wordpress\/plugins\/seo\/ -->\n<title>Activities and well-being - Himos.fi | Central point of Skiing Finland!<\/title>\n<meta name=\"robots\" content=\"index, follow, max-snippet:-1, max-image-preview:large, max-video-preview:-1\" \/>\n<link rel=\"canonical\" href=\"https:\/\/himos.fi\/en\/other-services\/activities-and-well-being\/\" \/>\n<meta property=\"og:locale\" content=\"en_US\" \/>\n<meta property=\"og:type\" content=\"article\" \/>\n<meta property=\"og:title\" content=\"Activities and well-being - Himos.fi | Central point of Skiing Finland!\" \/>\n<meta property=\"og:description\" content=\"ACTIVITIES \u00bb Tracks today P. +358 (0)400 415 098 | Peikkomets\u00e4ntie 2 | 42100 J\u00e4ms\u00e4Private events at full throttle in Himos. Race with us, not on the highway! P. +358 (0)40 712 2522 | Koskikarantie 1 | 42300 J\u00e4ms\u00e4nkoskiFrom the swimming center Koskikara you will find training pool, therapy pool, chindren\u00b4s pool and gym. You [&hellip;]\" \/>\n<meta property=\"og:url\" content=\"https:\/\/himos.fi\/en\/other-services\/activities-and-well-being\/\" \/>\n<meta property=\"og:site_name\" content=\"Himos.fi\" \/>\n<meta property=\"article:publisher\" content=\"https:\/\/www.facebook.com\/himosskiresort\/\" \/>\n<meta property=\"article:modified_time\" content=\"2026-04-01T10:55:15+00:00\" \/>\n<meta property=\"og:image\" content=\"https:\/\/himos.fi\/wp-content\/uploads\/2022\/11\/Simulaattorimaailma-22-23-eng-1.jpg\" \/>\n<meta name=\"twitter:card\" content=\"summary_large_image\" \/>\n<meta name=\"twitter:label1\" content=\"Est. reading time\" \/>\n\t<meta name=\"twitter:data1\" content=\"4 minutes\" \/>\n<script type=\"application\/ld+json\" class=\"yoast-schema-graph\">{\"@context\":\"https:\/\/schema.org\",\"@graph\":[{\"@type\":\"WebPage\",\"@id\":\"https:\/\/himos.fi\/en\/other-services\/activities-and-well-being\/\",\"url\":\"https:\/\/himos.fi\/en\/other-services\/activities-and-well-being\/\",\"name\":\"Activities and well-being - Himos.fi | Central point of Skiing Finland!\",\"isPartOf\":{\"@id\":\"https:\/\/himos.fi\/en\/#website\"},\"datePublished\":\"2019-08-06T06:45:48+00:00\",\"dateModified\":\"2026-04-01T10:55:15+00:00\",\"breadcrumb\":{\"@id\":\"https:\/\/himos.fi\/en\/other-services\/activities-and-well-being\/#breadcrumb\"},\"inLanguage\":\"en-US\",\"potentialAction\":[{\"@type\":\"ReadAction\",\"target\":[\"https:\/\/himos.fi\/en\/other-services\/activities-and-well-being\/\"]}]},{\"@type\":\"BreadcrumbList\",\"@id\":\"https:\/\/himos.fi\/en\/other-services\/activities-and-well-being\/#breadcrumb\",\"itemListElement\":[{\"@type\":\"ListItem\",\"position\":1,\"name\":\"Home\",\"item\":\"https:\/\/himos.fi\/en\/\"},{\"@type\":\"ListItem\",\"position\":2,\"name\":\"Other Services\",\"item\":\"https:\/\/himos.fi\/en\/other-services\/\"},{\"@type\":\"ListItem\",\"position\":3,\"name\":\"Activities and well-being\"}]},{\"@type\":\"WebSite\",\"@id\":\"https:\/\/himos.fi\/en\/#website\",\"url\":\"https:\/\/himos.fi\/en\/\",\"name\":\"Himos.fi\",\"description\":\"Lumi-Suomen keskipiste!\",\"publisher\":{\"@id\":\"https:\/\/himos.fi\/en\/#organization\"},\"potentialAction\":[{\"@type\":\"SearchAction\",\"target\":{\"@type\":\"EntryPoint\",\"urlTemplate\":\"https:\/\/himos.fi\/en\/?s={search_term_string}\"},\"query-input\":\"required name=search_term_string\"}],\"inLanguage\":\"en-US\"},{\"@type\":\"Organization\",\"@id\":\"https:\/\/himos.fi\/en\/#organization\",\"name\":\"Himos-Yhti\u00f6t Oy\",\"url\":\"https:\/\/himos.fi\/en\/\",\"logo\":{\"@type\":\"ImageObject\",\"inLanguage\":\"en-US\",\"@id\":\"https:\/\/himos.fi\/en\/#\/schema\/logo\/image\/\",\"url\":\"https:\/\/himos.fi\/wp-content\/uploads\/2019\/09\/logo-meili.jpg\",\"contentUrl\":\"https:\/\/himos.fi\/wp-content\/uploads\/2019\/09\/logo-meili.jpg\",\"width\":273,\"height\":96,\"caption\":\"Himos-Yhti\u00f6t Oy\"},\"image\":{\"@id\":\"https:\/\/himos.fi\/en\/#\/schema\/logo\/image\/\"},\"sameAs\":[\"https:\/\/www.instagram.com\/himosskiresort\/\",\"https:\/\/www.youtube.com\/channel\/UCwqSxGN5HaqH3FvCl96ZBFw\",\"https:\/\/www.facebook.com\/himosskiresort\/\"]}]}<\/script>\n<!-- \/ Yoast SEO plugin. -->","yoast_head_json":{"title":"Activities and well-being - Himos.fi | Central point of Skiing Finland!","robots":{"index":"index","follow":"follow","max-snippet":"max-snippet:-1","max-image-preview":"max-image-preview:large","max-video-preview":"max-video-preview:-1"},"canonical":"https:\/\/himos.fi\/en\/other-services\/activities-and-well-being\/","og_locale":"en_US","og_type":"article","og_title":"Activities and well-being - Himos.fi | Central point of Skiing Finland!","og_description":"ACTIVITIES \u00bb Tracks today P. +358 (0)400 415 098 | Peikkomets\u00e4ntie 2 | 42100 J\u00e4ms\u00e4Private events at full throttle in Himos. Race with us, not on the highway! P. +358 (0)40 712 2522 | Koskikarantie 1 | 42300 J\u00e4ms\u00e4nkoskiFrom the swimming center Koskikara you will find training pool, therapy pool, chindren\u00b4s pool and gym. You [&hellip;]","og_url":"https:\/\/himos.fi\/en\/other-services\/activities-and-well-being\/","og_site_name":"Himos.fi","article_publisher":"https:\/\/www.facebook.com\/himosskiresort\/","article_modified_time":"2026-04-01T10:55:15+00:00","og_image":[{"url":"https:\/\/himos.fi\/wp-content\/uploads\/2022\/11\/Simulaattorimaailma-22-23-eng-1.jpg"}],"twitter_card":"summary_large_image","twitter_misc":{"Est. reading time":"4 minutes"},"schema":{"@context":"https:\/\/schema.org","@graph":[{"@type":"WebPage","@id":"https:\/\/himos.fi\/en\/other-services\/activities-and-well-being\/","url":"https:\/\/himos.fi\/en\/other-services\/activities-and-well-being\/","name":"Activities and well-being - Himos.fi | Central point of Skiing Finland!","isPartOf":{"@id":"https:\/\/himos.fi\/en\/#website"},"datePublished":"2019-08-06T06:45:48+00:00","dateModified":"2026-04-01T10:55:15+00:00","breadcrumb":{"@id":"https:\/\/himos.fi\/en\/other-services\/activities-and-well-being\/#breadcrumb"},"inLanguage":"en-US","potentialAction":[{"@type":"ReadAction","target":["https:\/\/himos.fi\/en\/other-services\/activities-and-well-being\/"]}]},{"@type":"BreadcrumbList","@id":"https:\/\/himos.fi\/en\/other-services\/activities-and-well-being\/#breadcrumb","itemListElement":[{"@type":"ListItem","position":1,"name":"Home","item":"https:\/\/himos.fi\/en\/"},{"@type":"ListItem","position":2,"name":"Other Services","item":"https:\/\/himos.fi\/en\/other-services\/"},{"@type":"ListItem","position":3,"name":"Activities and well-being"}]},{"@type":"WebSite","@id":"https:\/\/himos.fi\/en\/#website","url":"https:\/\/himos.fi\/en\/","name":"Himos.fi","description":"Lumi-Suomen keskipiste!","publisher":{"@id":"https:\/\/himos.fi\/en\/#organization"},"potentialAction":[{"@type":"SearchAction","target":{"@type":"EntryPoint","urlTemplate":"https:\/\/himos.fi\/en\/?s={search_term_string}"},"query-input":"required name=search_term_string"}],"inLanguage":"en-US"},{"@type":"Organization","@id":"https:\/\/himos.fi\/en\/#organization","name":"Himos-Yhti\u00f6t Oy","url":"https:\/\/himos.fi\/en\/","logo":{"@type":"ImageObject","inLanguage":"en-US","@id":"https:\/\/himos.fi\/en\/#\/schema\/logo\/image\/","url":"https:\/\/himos.fi\/wp-content\/uploads\/2019\/09\/logo-meili.jpg","contentUrl":"https:\/\/himos.fi\/wp-content\/uploads\/2019\/09\/logo-meili.jpg","width":273,"height":96,"caption":"Himos-Yhti\u00f6t Oy"},"image":{"@id":"https:\/\/himos.fi\/en\/#\/schema\/logo\/image\/"},"sameAs":["https:\/\/www.instagram.com\/himosskiresort\/","https:\/\/www.youtube.com\/channel\/UCwqSxGN5HaqH3FvCl96ZBFw","https:\/\/www.facebook.com\/himosskiresort\/"]}]}},"_links":{"self":[{"href":"https:\/\/himos.fi\/en\/wp-json\/wp\/v2\/pages\/2864"}],"collection":[{"href":"https:\/\/himos.fi\/en\/wp-json\/wp\/v2\/pages"}],"about":[{"href":"https:\/\/himos.fi\/en\/wp-json\/wp\/v2\/types\/page"}],"author":[{"embeddable":true,"href":"https:\/\/himos.fi\/en\/wp-json\/wp\/v2\/users\/1"}],"replies":[{"embeddable":true,"href":"https:\/\/himos.fi\/en\/wp-json\/wp\/v2\/comments?post=2864"}],"version-history":[{"count":52,"href":"https:\/\/himos.fi\/en\/wp-json\/wp\/v2\/pages\/2864\/revisions"}],"predecessor-version":[{"id":31268,"href":"https:\/\/himos.fi\/en\/wp-json\/wp\/v2\/pages\/2864\/revisions\/31268"}],"up":[{"embeddable":true,"href":"https:\/\/himos.fi\/en\/wp-json\/wp\/v2\/pages\/3051"}],"wp:attachment":[{"href":"https:\/\/himos.fi\/en\/wp-json\/wp\/v2\/media?parent=2864"}],"curies":[{"name":"wp","href":"https:\/\/api.w.org\/{rel}","templated":true}]}}