{"id":2868,"date":"2019-08-06T09:46:08","date_gmt":"2019-08-06T06:46:08","guid":{"rendered":"https:\/\/himos.fi\/majoitus\/"},"modified":"2026-04-03T12:28:37","modified_gmt":"2026-04-03T09:28:37","slug":"accommodation","status":"publish","type":"page","link":"https:\/\/himos.fi\/en\/other-services\/accommodation\/","title":{"rendered":"Accommodation"},"content":{"rendered":"\n<h2>ACCOMMODATION<\/h2>\n\n\n\n<div class=\"wp-container-4 wp-block-columns has-3-columns\">\n<div class=\"wp-container-1 wp-block-column\">\n<figure class=\"wp-block-image size-full\"><a href=\"https:\/\/himoslomat.fi\/en\/accommodation-2\/\" target=\"_blank\" rel=\"noreferrer noopener\"><img loading=\"lazy\" width=\"658\" height=\"400\" src=\"https:\/\/himos.fi\/wp-content\/uploads\/2022\/12\/himosholiday_658x400-22-23.png\" alt=\"\" class=\"wp-image-13505\" srcset=\"https:\/\/himos.fi\/wp-content\/uploads\/2022\/12\/himosholiday_658x400-22-23.png 658w, https:\/\/himos.fi\/wp-content\/uploads\/2022\/12\/himosholiday_658x400-22-23-300x182.png 300w\" sizes=\"(max-width: 658px) 100vw, 658px\" \/><\/a><figcaption><strong><a href=\"https:\/\/himoslomat.fi\/en\/accommodation-2\/\" target=\"_blank\" rel=\"noreferrer noopener\">Himos Holiday, Himos Cental Booking<\/a><\/strong><\/figcaption><\/figure>\n\n\n\n<p>Tel. +358 (0)20 711 9230 | himosholiday@himosholiday.com | <br>L\u00e4nsi-Himoksentie 4 | 42100 J\u00e4ms\u00e4<br>Himos Holiday, Himos Central Booking handles all in over 400 cottages and villas, and almost 100 hotel and motel rooms &#8211; take a look at the wide selection and find the right accommodation for you!<br><\/p>\n<\/div>\n\n\n\n<div class=\"wp-container-2 wp-block-column\">\n<figure class=\"wp-block-image size-full\"><a href=\"https:\/\/www.ahavus.fi\/\" target=\"_blank\" rel=\"noreferrer noopener\"><img loading=\"lazy\" width=\"658\" height=\"400\" src=\"https:\/\/himos.fi\/wp-content\/uploads\/2025\/11\/Ahavus25-26-en.png\" alt=\"\" class=\"wp-image-28794\" srcset=\"https:\/\/himos.fi\/wp-content\/uploads\/2025\/11\/Ahavus25-26-en.png 658w, https:\/\/himos.fi\/wp-content\/uploads\/2025\/11\/Ahavus25-26-en-300x182.png 300w\" sizes=\"(max-width: 658px) 100vw, 658px\" \/><\/a><figcaption><strong><a href=\"https:\/\/www.ahavus.fi\/\" target=\"_blank\" rel=\"noreferrer noopener\">Ahavus Oy<\/a><\/strong><\/figcaption><\/figure>\n\n\n\n<p>Tel. +358 (0)10 319 4600 | varaamo@ahavus.fi<br>Accommodation services for every need from the best locations in Himos. On your wish, together with our partners we also produce additional services for both companies and individuals.<\/p>\n<\/div>\n\n\n\n<div class=\"wp-container-3 wp-block-column\">\n<figure class=\"wp-block-image size-full\"><a href=\"https:\/\/himosmajoitus.fi\/en\/frontpage\/\" target=\"_blank\" rel=\"noreferrer noopener\"><img loading=\"lazy\" width=\"658\" height=\"400\" src=\"https:\/\/himos.fi\/wp-content\/uploads\/2023\/10\/Himos-Majoitus-23-24.jpg\" alt=\"\" class=\"wp-image-17231\" srcset=\"https:\/\/himos.fi\/wp-content\/uploads\/2023\/10\/Himos-Majoitus-23-24.jpg 658w, https:\/\/himos.fi\/wp-content\/uploads\/2023\/10\/Himos-Majoitus-23-24-300x182.jpg 300w\" sizes=\"(max-width: 658px) 100vw, 658px\" \/><\/a><figcaption><strong><a href=\"https:\/\/himosmajoitus.fi\/en\/frontpage\/\">Himosmajoitus<\/a><\/strong><\/figcaption><\/figure>\n\n\n\n<p>Tel. +358 (0)20 787 1170 | info@himosmajoitus.fi | L\u00e4nsikeskuksentie 6 | 42100 J\u00e4ms\u00e4<br>High quality accommodation in Himos.<\/p>\n<\/div>\n<\/div>\n\n\n\n<div class=\"wp-container-8 wp-block-columns has-3-columns\">\n<div class=\"wp-container-5 wp-block-column\">\n<figure class=\"wp-block-image size-full\"><a href=\"https:\/\/himokselle.net\/en\/\" target=\"_blank\" rel=\"noreferrer noopener\"><img loading=\"lazy\" width=\"658\" height=\"400\" src=\"https:\/\/himos.fi\/wp-content\/uploads\/2025\/11\/Himokselle.net-25-26-EN.jpg\" alt=\"\" class=\"wp-image-28538\" srcset=\"https:\/\/himos.fi\/wp-content\/uploads\/2025\/11\/Himokselle.net-25-26-EN.jpg 658w, https:\/\/himos.fi\/wp-content\/uploads\/2025\/11\/Himokselle.net-25-26-EN-300x182.jpg 300w\" sizes=\"(max-width: 658px) 100vw, 658px\" \/><\/a><figcaption><strong><a href=\"https:\/\/himokselle.net\/en\/\" target=\"_blank\" rel=\"noreferrer noopener\">Himokselle.net<\/a><\/strong><\/figcaption><\/figure>\n\n\n\n<p>Tel. +358 (0)29 170 0773 | himokselle@gmail.com | himokselle.net\/en<br>We offer reliable and high-quality accommodation to our customers with more than 10 years of experience.<br>All our properties are covered by Premium cleaning and care, so you can be sure that the equipment is in good condition and the premises are clean.<br>You can also choose useful additional services for your accommodation, such as meal deliveries, karaoke- or meeting equipment.<\/p>\n\n\n\n<p><br><\/p>\n<\/div>\n\n\n\n<div class=\"wp-container-6 wp-block-column\">\n<figure class=\"wp-block-image size-large\"><a href=\"https:\/\/www.holidayclubresorts.com\/en\/holiday-apartments\/himos\/\" target=\"_blank\" rel=\"noreferrer noopener\"><img loading=\"lazy\" width=\"1024\" height=\"617\" src=\"https:\/\/himos.fi\/wp-content\/uploads\/2023\/12\/Holiday-Club-Himos-loma-asunto-23-24-1024x617.jpg\" alt=\"\" class=\"wp-image-18616\" srcset=\"https:\/\/himos.fi\/wp-content\/uploads\/2023\/12\/Holiday-Club-Himos-loma-asunto-23-24-1024x617.jpg 1024w, https:\/\/himos.fi\/wp-content\/uploads\/2023\/12\/Holiday-Club-Himos-loma-asunto-23-24-300x181.jpg 300w, https:\/\/himos.fi\/wp-content\/uploads\/2023\/12\/Holiday-Club-Himos-loma-asunto-23-24-768x463.jpg 768w, https:\/\/himos.fi\/wp-content\/uploads\/2023\/12\/Holiday-Club-Himos-loma-asunto-23-24.jpg 1536w\" sizes=\"(max-width: 1024px) 100vw, 1024px\" \/><\/a><\/figure>\n\n\n\n<p><strong><a href=\"https:\/\/www.holidayclubresorts.com\/en\/holiday-apartments\/himos\/\" target=\"_blank\" rel=\"noreferrer noopener\">Holiday Club Himos<\/a><\/strong><\/p>\n\n\n\n<p>asiakaspalvelu@holidayclub.fi | L\u00e4nsi-Himoksentie 4 | 42100 J\u00e4ms\u00e4<br>High-quality and well-equipped apartments in an excellent location close to the ski slopes and the diverse services of Himos.<\/p>\n<\/div>\n\n\n\n<div class=\"wp-container-7 wp-block-column\">\n<figure class=\"wp-block-image size-full\"><a href=\"https:\/\/www.sokoshotels.fi\/en\/hotels\/jamsa\/break-sokos-hotel-himos\" target=\"_blank\" rel=\"noreferrer noopener\"><img loading=\"lazy\" width=\"658\" height=\"400\" src=\"https:\/\/himos.fi\/wp-content\/uploads\/2026\/02\/Break-Sokos-Hotel-Himos.jpg\" alt=\"\" class=\"wp-image-30704\" srcset=\"https:\/\/himos.fi\/wp-content\/uploads\/2026\/02\/Break-Sokos-Hotel-Himos.jpg 658w, https:\/\/himos.fi\/wp-content\/uploads\/2026\/02\/Break-Sokos-Hotel-Himos-300x182.jpg 300w\" sizes=\"(max-width: 658px) 100vw, 658px\" \/><\/a><figcaption><strong><a href=\"https:\/\/www.sokoshotels.fi\/en\/hotels\/jamsa\/break-sokos-hotel-himos\" target=\"_blank\" rel=\"noreferrer noopener\">Break Sokos Hotel Himos<\/a><\/strong><\/figcaption><\/figure>\n\n\n\n<p>Tel. +358 (0)20 123 4641 (pvm\/mpm) | reception.himos@sokoshotels.fi | Golfintie 1 | 42100 J\u00e4ms\u00e4<br>Our hotel combines modern comfort with smooth, reliabe services right, at the base of the western slopes of Himos. The nearly suite-level apartments and our delicious restaurant ensure a pleasant stay. Whether you\u00b4re here for work, sports, meetings, celebrations, or simply to relax and enjoy yourself, you\u00b4re guaranteed to feel at home at Break Sokos Hotel Himos!<\/p>\n<\/div>\n<\/div>\n\n\n\n<div class=\"wp-container-12 wp-block-columns has-3-columns\">\n<div class=\"wp-container-9 wp-block-column\">\n<figure class=\"wp-block-image size-large\"><a href=\"https:\/\/www.hotellijamsa.fi\/en\/home\/\" target=\"_blank\" rel=\"noreferrer noopener\"><img loading=\"lazy\" width=\"1024\" height=\"682\" src=\"https:\/\/himos.fi\/wp-content\/uploads\/2025\/11\/Hotelli-Jamsa-2-25-1024x682.jpg\" alt=\"\" class=\"wp-image-28529\" srcset=\"https:\/\/himos.fi\/wp-content\/uploads\/2025\/11\/Hotelli-Jamsa-2-25-1024x682.jpg 1024w, https:\/\/himos.fi\/wp-content\/uploads\/2025\/11\/Hotelli-Jamsa-2-25-300x200.jpg 300w, https:\/\/himos.fi\/wp-content\/uploads\/2025\/11\/Hotelli-Jamsa-2-25-768x512.jpg 768w, https:\/\/himos.fi\/wp-content\/uploads\/2025\/11\/Hotelli-Jamsa-2-25-391x260.jpg 391w, https:\/\/himos.fi\/wp-content\/uploads\/2025\/11\/Hotelli-Jamsa-2-25-1536x1024.jpg 1536w, https:\/\/himos.fi\/wp-content\/uploads\/2025\/11\/Hotelli-Jamsa-2-25.jpg 2000w\" sizes=\"(max-width: 1024px) 100vw, 1024px\" \/><\/a><figcaption><strong><a href=\"https:\/\/www.hotellijamsa.fi\/en\/home\/\" target=\"_blank\" rel=\"noreferrer noopener\">Hotelli J\u00e4ms\u00e4<\/a><\/strong><\/figcaption><\/figure>\n\n\n\n<p>Tel. +358 (0)14 717 91 | info@hotellijamsa.fi | Kauhkialantie 111 | 42100 J\u00e4ms\u00e4<br>Self-service hotel full of character. High standard rooms with own bathrooms. The hotel is located near excellent transport connections and close to the services of J\u00e4ms\u00e4 and Himos &#8211; it is easy to arrive and enjoy!<\/p>\n<\/div>\n\n\n\n<div class=\"wp-container-10 wp-block-column\">\n<figure class=\"wp-block-image size-large\"><a href=\"https:\/\/morva.fi\/en\/countryside-hotel-morva\/\" target=\"_blank\" rel=\"noreferrer noopener\"><img loading=\"lazy\" width=\"1024\" height=\"613\" src=\"https:\/\/himos.fi\/wp-content\/uploads\/2019\/10\/morva-muokattu-1024x613.jpg\" alt=\"\" class=\"wp-image-2367\" srcset=\"https:\/\/himos.fi\/wp-content\/uploads\/2019\/10\/morva-muokattu-1024x613.jpg 1024w, https:\/\/himos.fi\/wp-content\/uploads\/2019\/10\/morva-muokattu-300x180.jpg 300w, https:\/\/himos.fi\/wp-content\/uploads\/2019\/10\/morva-muokattu-768x460.jpg 768w\" sizes=\"(max-width: 1024px) 100vw, 1024px\" \/><\/a><figcaption><strong><a href=\"https:\/\/morva.fi\/en\/countryside-hotel-morva\/\" target=\"_blank\" rel=\"noreferrer noopener\">Countryside Hotel Morva Oy<\/a><\/strong><\/figcaption><\/figure>\n\n\n\n<p>Tel. +358 (0)40 828 2581 | info@morva.fi | Morvantie 189 | 42140 Juokslahti<br>Beautiful farm hotel located in the heart of nature, just a stone\u2019s throw head from Himos.<\/p>\n\n\n\n<p><br><\/p>\n<\/div>\n\n\n\n<div class=\"wp-container-11 wp-block-column\">\n<figure class=\"wp-block-image size-full\"><a href=\"https:\/\/hotelhiisihill.fi\/\" target=\"_blank\" rel=\"noreferrer noopener\"><img loading=\"lazy\" width=\"658\" height=\"400\" src=\"https:\/\/himos.fi\/wp-content\/uploads\/2026\/04\/Hotel-Hiisi-Hill_mainos_EN.jpg\" alt=\"\" class=\"wp-image-31314\" srcset=\"https:\/\/himos.fi\/wp-content\/uploads\/2026\/04\/Hotel-Hiisi-Hill_mainos_EN.jpg 658w, https:\/\/himos.fi\/wp-content\/uploads\/2026\/04\/Hotel-Hiisi-Hill_mainos_EN-300x182.jpg 300w\" sizes=\"(max-width: 658px) 100vw, 658px\" \/><\/a><figcaption><strong><a href=\"https:\/\/hotelhiisihill.fi\/\" target=\"_blank\" rel=\"noreferrer noopener\">Hotel Hiisi Hill<\/a><\/strong><\/figcaption><\/figure>\n\n\n\n<p>Tel. +358 (0)40 148 6141 | hello@hotelhiisihill.fi | Hiidentie 8 | 42100 J\u00e4ms\u00e4<br>Welcome to our small and elegant boutique hotel in the heart of J\u00e4ms\u00e4. In our hotel you can experience the beauty of nature. We are located only seven kilometers from Himos ski resort. You are warmly welcome!<\/p>\n<\/div>\n<\/div>\n","protected":false},"excerpt":{"rendered":"<p>ACCOMMODATION Tel. +358 (0)20 711 9230 | himosholiday@himosholiday.com | L\u00e4nsi-Himoksentie 4 | 42100 J\u00e4ms\u00e4Himos Holiday, Himos Central Booking handles all in over 400 cottages and villas, and almost 100 hotel and motel rooms &#8211; take a look at the wide selection and find the right accommodation for you! Tel. +358 (0)10 319 4600 | varaamo@ahavus.fiAccommodation [&hellip;]<\/p>\n","protected":false},"author":1,"featured_media":0,"parent":3051,"menu_order":2,"comment_status":"closed","ping_status":"closed","template":"template-sub.php","meta":[],"acf":[],"featured_image_src":null,"yoast_head":"<!-- This site is optimized with the Yoast SEO plugin v19.11 - https:\/\/yoast.com\/wordpress\/plugins\/seo\/ -->\n<title>Accommodation - Himos.fi | Easy accommodation in Himos!<\/title>\n<meta name=\"robots\" content=\"index, follow, max-snippet:-1, max-image-preview:large, max-video-preview:-1\" \/>\n<link rel=\"canonical\" href=\"https:\/\/himos.fi\/en\/other-services\/accommodation\/\" \/>\n<meta property=\"og:locale\" content=\"en_US\" \/>\n<meta property=\"og:type\" content=\"article\" \/>\n<meta property=\"og:title\" content=\"Accommodation - Himos.fi | Easy accommodation in Himos!\" \/>\n<meta property=\"og:description\" content=\"ACCOMMODATION Tel. +358 (0)20 711 9230 | himosholiday@himosholiday.com | L\u00e4nsi-Himoksentie 4 | 42100 J\u00e4ms\u00e4Himos Holiday, Himos Central Booking handles all in over 400 cottages and villas, and almost 100 hotel and motel rooms &#8211; take a look at the wide selection and find the right accommodation for you! Tel. +358 (0)10 319 4600 | varaamo@ahavus.fiAccommodation [&hellip;]\" \/>\n<meta property=\"og:url\" content=\"https:\/\/himos.fi\/en\/other-services\/accommodation\/\" \/>\n<meta property=\"og:site_name\" content=\"Himos.fi\" \/>\n<meta property=\"article:publisher\" content=\"https:\/\/www.facebook.com\/himosskiresort\/\" \/>\n<meta property=\"article:modified_time\" content=\"2026-04-03T09:28:37+00:00\" \/>\n<meta property=\"og:image\" content=\"https:\/\/himos.fi\/wp-content\/uploads\/2022\/12\/himosholiday_658x400-22-23.png\" \/>\n<meta name=\"twitter:card\" content=\"summary_large_image\" \/>\n<meta name=\"twitter:label1\" content=\"Est. reading time\" \/>\n\t<meta name=\"twitter:data1\" content=\"2 minutes\" \/>\n<script type=\"application\/ld+json\" class=\"yoast-schema-graph\">{\"@context\":\"https:\/\/schema.org\",\"@graph\":[{\"@type\":\"WebPage\",\"@id\":\"https:\/\/himos.fi\/en\/other-services\/accommodation\/\",\"url\":\"https:\/\/himos.fi\/en\/other-services\/accommodation\/\",\"name\":\"Accommodation - Himos.fi | Easy accommodation in Himos!\",\"isPartOf\":{\"@id\":\"https:\/\/himos.fi\/en\/#website\"},\"datePublished\":\"2019-08-06T06:46:08+00:00\",\"dateModified\":\"2026-04-03T09:28:37+00:00\",\"breadcrumb\":{\"@id\":\"https:\/\/himos.fi\/en\/other-services\/accommodation\/#breadcrumb\"},\"inLanguage\":\"en-US\",\"potentialAction\":[{\"@type\":\"ReadAction\",\"target\":[\"https:\/\/himos.fi\/en\/other-services\/accommodation\/\"]}]},{\"@type\":\"BreadcrumbList\",\"@id\":\"https:\/\/himos.fi\/en\/other-services\/accommodation\/#breadcrumb\",\"itemListElement\":[{\"@type\":\"ListItem\",\"position\":1,\"name\":\"Home\",\"item\":\"https:\/\/himos.fi\/en\/\"},{\"@type\":\"ListItem\",\"position\":2,\"name\":\"Other Services\",\"item\":\"https:\/\/himos.fi\/en\/other-services\/\"},{\"@type\":\"ListItem\",\"position\":3,\"name\":\"Accommodation\"}]},{\"@type\":\"WebSite\",\"@id\":\"https:\/\/himos.fi\/en\/#website\",\"url\":\"https:\/\/himos.fi\/en\/\",\"name\":\"Himos.fi\",\"description\":\"Lumi-Suomen keskipiste!\",\"publisher\":{\"@id\":\"https:\/\/himos.fi\/en\/#organization\"},\"potentialAction\":[{\"@type\":\"SearchAction\",\"target\":{\"@type\":\"EntryPoint\",\"urlTemplate\":\"https:\/\/himos.fi\/en\/?s={search_term_string}\"},\"query-input\":\"required name=search_term_string\"}],\"inLanguage\":\"en-US\"},{\"@type\":\"Organization\",\"@id\":\"https:\/\/himos.fi\/en\/#organization\",\"name\":\"Himos-Yhti\u00f6t Oy\",\"url\":\"https:\/\/himos.fi\/en\/\",\"logo\":{\"@type\":\"ImageObject\",\"inLanguage\":\"en-US\",\"@id\":\"https:\/\/himos.fi\/en\/#\/schema\/logo\/image\/\",\"url\":\"https:\/\/himos.fi\/wp-content\/uploads\/2019\/09\/logo-meili.jpg\",\"contentUrl\":\"https:\/\/himos.fi\/wp-content\/uploads\/2019\/09\/logo-meili.jpg\",\"width\":273,\"height\":96,\"caption\":\"Himos-Yhti\u00f6t Oy\"},\"image\":{\"@id\":\"https:\/\/himos.fi\/en\/#\/schema\/logo\/image\/\"},\"sameAs\":[\"https:\/\/www.instagram.com\/himosskiresort\/\",\"https:\/\/www.youtube.com\/channel\/UCwqSxGN5HaqH3FvCl96ZBFw\",\"https:\/\/www.facebook.com\/himosskiresort\/\"]}]}<\/script>\n<!-- \/ Yoast SEO plugin. -->","yoast_head_json":{"title":"Accommodation - Himos.fi | Easy accommodation in Himos!","robots":{"index":"index","follow":"follow","max-snippet":"max-snippet:-1","max-image-preview":"max-image-preview:large","max-video-preview":"max-video-preview:-1"},"canonical":"https:\/\/himos.fi\/en\/other-services\/accommodation\/","og_locale":"en_US","og_type":"article","og_title":"Accommodation - Himos.fi | Easy accommodation in Himos!","og_description":"ACCOMMODATION Tel. +358 (0)20 711 9230 | himosholiday@himosholiday.com | L\u00e4nsi-Himoksentie 4 | 42100 J\u00e4ms\u00e4Himos Holiday, Himos Central Booking handles all in over 400 cottages and villas, and almost 100 hotel and motel rooms &#8211; take a look at the wide selection and find the right accommodation for you! Tel. +358 (0)10 319 4600 | varaamo@ahavus.fiAccommodation [&hellip;]","og_url":"https:\/\/himos.fi\/en\/other-services\/accommodation\/","og_site_name":"Himos.fi","article_publisher":"https:\/\/www.facebook.com\/himosskiresort\/","article_modified_time":"2026-04-03T09:28:37+00:00","og_image":[{"url":"https:\/\/himos.fi\/wp-content\/uploads\/2022\/12\/himosholiday_658x400-22-23.png"}],"twitter_card":"summary_large_image","twitter_misc":{"Est. reading time":"2 minutes"},"schema":{"@context":"https:\/\/schema.org","@graph":[{"@type":"WebPage","@id":"https:\/\/himos.fi\/en\/other-services\/accommodation\/","url":"https:\/\/himos.fi\/en\/other-services\/accommodation\/","name":"Accommodation - Himos.fi | Easy accommodation in Himos!","isPartOf":{"@id":"https:\/\/himos.fi\/en\/#website"},"datePublished":"2019-08-06T06:46:08+00:00","dateModified":"2026-04-03T09:28:37+00:00","breadcrumb":{"@id":"https:\/\/himos.fi\/en\/other-services\/accommodation\/#breadcrumb"},"inLanguage":"en-US","potentialAction":[{"@type":"ReadAction","target":["https:\/\/himos.fi\/en\/other-services\/accommodation\/"]}]},{"@type":"BreadcrumbList","@id":"https:\/\/himos.fi\/en\/other-services\/accommodation\/#breadcrumb","itemListElement":[{"@type":"ListItem","position":1,"name":"Home","item":"https:\/\/himos.fi\/en\/"},{"@type":"ListItem","position":2,"name":"Other Services","item":"https:\/\/himos.fi\/en\/other-services\/"},{"@type":"ListItem","position":3,"name":"Accommodation"}]},{"@type":"WebSite","@id":"https:\/\/himos.fi\/en\/#website","url":"https:\/\/himos.fi\/en\/","name":"Himos.fi","description":"Lumi-Suomen keskipiste!","publisher":{"@id":"https:\/\/himos.fi\/en\/#organization"},"potentialAction":[{"@type":"SearchAction","target":{"@type":"EntryPoint","urlTemplate":"https:\/\/himos.fi\/en\/?s={search_term_string}"},"query-input":"required name=search_term_string"}],"inLanguage":"en-US"},{"@type":"Organization","@id":"https:\/\/himos.fi\/en\/#organization","name":"Himos-Yhti\u00f6t Oy","url":"https:\/\/himos.fi\/en\/","logo":{"@type":"ImageObject","inLanguage":"en-US","@id":"https:\/\/himos.fi\/en\/#\/schema\/logo\/image\/","url":"https:\/\/himos.fi\/wp-content\/uploads\/2019\/09\/logo-meili.jpg","contentUrl":"https:\/\/himos.fi\/wp-content\/uploads\/2019\/09\/logo-meili.jpg","width":273,"height":96,"caption":"Himos-Yhti\u00f6t Oy"},"image":{"@id":"https:\/\/himos.fi\/en\/#\/schema\/logo\/image\/"},"sameAs":["https:\/\/www.instagram.com\/himosskiresort\/","https:\/\/www.youtube.com\/channel\/UCwqSxGN5HaqH3FvCl96ZBFw","https:\/\/www.facebook.com\/himosskiresort\/"]}]}},"_links":{"self":[{"href":"https:\/\/himos.fi\/en\/wp-json\/wp\/v2\/pages\/2868"}],"collection":[{"href":"https:\/\/himos.fi\/en\/wp-json\/wp\/v2\/pages"}],"about":[{"href":"https:\/\/himos.fi\/en\/wp-json\/wp\/v2\/types\/page"}],"author":[{"embeddable":true,"href":"https:\/\/himos.fi\/en\/wp-json\/wp\/v2\/users\/1"}],"replies":[{"embeddable":true,"href":"https:\/\/himos.fi\/en\/wp-json\/wp\/v2\/comments?post=2868"}],"version-history":[{"count":45,"href":"https:\/\/himos.fi\/en\/wp-json\/wp\/v2\/pages\/2868\/revisions"}],"predecessor-version":[{"id":31318,"href":"https:\/\/himos.fi\/en\/wp-json\/wp\/v2\/pages\/2868\/revisions\/31318"}],"up":[{"embeddable":true,"href":"https:\/\/himos.fi\/en\/wp-json\/wp\/v2\/pages\/3051"}],"wp:attachment":[{"href":"https:\/\/himos.fi\/en\/wp-json\/wp\/v2\/media?parent=2868"}],"curies":[{"name":"wp","href":"https:\/\/api.w.org\/{rel}","templated":true}]}}