{"id":31506,"date":"2026-04-07T15:45:54","date_gmt":"2026-04-07T12:45:54","guid":{"rendered":"https:\/\/himos.fi\/caravan-paikat-kesa\/"},"modified":"2026-04-08T11:02:20","modified_gmt":"2026-04-08T08:02:20","slug":"caravan-area-summer","status":"publish","type":"page","link":"https:\/\/himos.fi\/en\/caravan-area-summer\/","title":{"rendered":"Caravan Area &#8211; Summer"},"content":{"rendered":"\n<div style=\"height:30px\" aria-hidden=\"true\" class=\"wp-block-spacer\"><\/div>\n\n\n\n<p>West Himos caravan places are booked through the website <a href=\"https:\/\/himos.ecaravan.fi\/fi?parkingId=24475\" target=\"_blank\" rel=\"noreferrer noopener\">himos.ecaravan.fi<\/a>  North Himos caravan area is closed for summer.<\/p>\n\n\n\n<p><strong>Summer season 8.5.-21.9.2026<\/strong>. Excluding 5.-7.6. and 14.6.-8.7.<br>Juhannus, Iskelm\u00e4 and Jys\u00e4ri (14.6.-8.7.) festival caravan places reservations via event organizer.<\/p>\n\n\n\n<p>Please note that some of the places are uneven. There are a limited number of planks available in the area to straighten the trailer\/car.<br>Places 104,110-111, 116-117, 119-120, 125-126, 201-224, 228-229 are more suitable for trailers.<\/p>\n\n\n\n<p><strong>PLEASE REMEMBER TO RESERVE YOUR PLACE IN ADVANCE, AS THERE ARE LIMITED PLACES AVAILABLE!<\/strong><\/p>\n\n\n\n<p><strong>CARAVAN-AREA MAPS<\/strong><\/p>\n\n\n\n<p>Western slopes&nbsp;<a href=\"https:\/\/himos.fi\/wp-content\/uploads\/2024\/10\/asvakartta_24_255.pdf\" target=\"_blank\" rel=\"noreferrer noopener\">area map<\/a><br>Himosraitti 6, J\u00e4ms\u00e4<br>(Driving instructions: Past Willin l\u00e4nsi [Wild West], from the next roundabout, take the third exit lane, then in about 100 meters, turn right)<\/p>\n\n\n\n<p><a href=\"https:\/\/himos.fi\/wp-content\/uploads\/2024\/11\/Pelastussuunnitelma-Himos-Caravan-V1-2024.pdf\" target=\"_blank\" rel=\"noreferrer noopener\">Rescue Plan<\/a> (in Finnish)<br><a href=\"https:\/\/himos.fi\/wp-content\/uploads\/2024\/12\/Himos-Caravan-toimitusehdot.pdf\" target=\"_blank\" rel=\"noreferrer noopener\">Himos Caravan terms of delivery<\/a> (in Finnish)<br><a href=\"https:\/\/himos.fi\/wp-content\/uploads\/2025\/02\/Himos-Caravan-jarjestyssaannot.pdf\">Himos Caravan Rules<\/a> (in Finnish)<br><a href=\"https:\/\/himos.fi\/matkustajailmoitus-passenger-card\/\" target=\"_blank\" rel=\"noreferrer noopener\">Passenger-card<\/a><\/p>\n\n\n\n<p><strong>Check in at 2.00 pm and check out at 12.00.<\/strong><\/p>\n\n\n\n<p><strong>WEST HIMOS CARAVAN PARK<\/strong><br><strong>Reservations to the west Himos caravan park are made via the website himos.ecaravan.fi by customer byself. The area works with a key code, there is no separate reception.<\/strong> Please notice, your card number has to be on your account so that you will get the key code.<br><\/p>\n\n\n\n<div style=\"height:19px\" aria-hidden=\"true\" class=\"wp-block-spacer\"><\/div>\n\n\n<div class=\"HimosButton \">\n\t<div class=\"wp-block-buttons\">\n\t\t\t\t\t<div class=\"wp-block-button\">\n\t\t\t\t<a class=\"wp-block-button__link has-white-color has-text-color has-background no-border-radius\" href=\"https:\/\/himos.fi\/en\/howtobook\/\" style=\"background-color:#00569f\" target=\"_blank\" rel=\"noreferrer noopener\">\n\t\t\t\t\tHOW TO BOOK A PLACE FROM WEST HIMOS GUIDE\n\t\t\t\t<\/a>\n\t\t\t<\/div>\n\t\t\t<\/div>\n<\/div>\n\n\n\n<div style=\"height:19px\" aria-hidden=\"true\" class=\"wp-block-spacer\"><\/div>\n\n\n\n<h2>SUMMER 2026 DAILY RATES<\/h2>\n\n\n\n<figure class=\"wp-block-table is-style-stripes\"><table class=\"has-background\" style=\"background-color:#e7f5fe\"><tbody><tr><td><strong>DAILY RATE<\/strong> <\/td><td><\/td><td><strong>Price<\/strong><\/td><\/tr><tr><td>8.5.-30.7. and 2.8.-21.9.<\/td><td><\/td><td>30 \u20ac\/day<\/td><\/tr><tr><td>Secto Rally 30.7.-2.8.<\/td><td><\/td><td>40 \u20ac\/day<\/td><\/tr><tr><td>additional rent in all places<br>according to consumption of electricity<\/td><td><\/td><td>0,40 \u20ac used kWh<\/td><\/tr><\/tbody><\/table><figcaption>All prices include V.A.T. We rserve the right to any changes.<\/figcaption><\/figure>\n","protected":false},"excerpt":{"rendered":"<p>West Himos caravan places are booked through the website himos.ecaravan.fi North Himos caravan area is closed for summer. Summer season 8.5.-21.9.2026. Excluding 5.-7.6. and 14.6.-8.7.Juhannus, Iskelm\u00e4 and Jys\u00e4ri (14.6.-8.7.) festival caravan places reservations via event organizer. Please note that some of the places are uneven. There are a limited number of planks available in the [&hellip;]<\/p>\n","protected":false},"author":2,"featured_media":0,"parent":0,"menu_order":0,"comment_status":"closed","ping_status":"closed","template":"","meta":[],"acf":[],"featured_image_src":null,"yoast_head":"<!-- This site is optimized with the Yoast SEO plugin v19.11 - https:\/\/yoast.com\/wordpress\/plugins\/seo\/ -->\n<title>Caravan Area - Summer - Himos.fi | Kausikortit ennakkomyynniss\u00e4 2.11.2025 saakka!<\/title>\n<meta name=\"robots\" content=\"index, follow, max-snippet:-1, max-image-preview:large, max-video-preview:-1\" \/>\n<link rel=\"canonical\" href=\"https:\/\/himos.fi\/en\/caravan-area-summer\/\" \/>\n<meta property=\"og:locale\" content=\"en_US\" \/>\n<meta property=\"og:type\" content=\"article\" \/>\n<meta property=\"og:title\" content=\"Caravan Area - Summer - Himos.fi | Kausikortit ennakkomyynniss\u00e4 2.11.2025 saakka!\" \/>\n<meta property=\"og:description\" content=\"West Himos caravan places are booked through the website himos.ecaravan.fi North Himos caravan area is closed for summer. Summer season 8.5.-21.9.2026. Excluding 5.-7.6. and 14.6.-8.7.Juhannus, Iskelm\u00e4 and Jys\u00e4ri (14.6.-8.7.) festival caravan places reservations via event organizer. Please note that some of the places are uneven. There are a limited number of planks available in the [&hellip;]\" \/>\n<meta property=\"og:url\" content=\"https:\/\/himos.fi\/en\/caravan-area-summer\/\" \/>\n<meta property=\"og:site_name\" content=\"Himos.fi\" \/>\n<meta property=\"article:publisher\" content=\"https:\/\/www.facebook.com\/himosskiresort\/\" \/>\n<meta property=\"article:modified_time\" content=\"2026-04-08T08:02:20+00:00\" \/>\n<meta name=\"twitter:card\" content=\"summary_large_image\" \/>\n<meta name=\"twitter:label1\" content=\"Est. reading time\" \/>\n\t<meta name=\"twitter:data1\" content=\"1 minute\" \/>\n<script type=\"application\/ld+json\" class=\"yoast-schema-graph\">{\"@context\":\"https:\/\/schema.org\",\"@graph\":[{\"@type\":\"WebPage\",\"@id\":\"https:\/\/himos.fi\/en\/caravan-area-summer\/\",\"url\":\"https:\/\/himos.fi\/en\/caravan-area-summer\/\",\"name\":\"Caravan Area - Summer - Himos.fi | Kausikortit ennakkomyynniss\u00e4 2.11.2025 saakka!\",\"isPartOf\":{\"@id\":\"https:\/\/himos.fi\/en\/#website\"},\"datePublished\":\"2026-04-07T12:45:54+00:00\",\"dateModified\":\"2026-04-08T08:02:20+00:00\",\"breadcrumb\":{\"@id\":\"https:\/\/himos.fi\/en\/caravan-area-summer\/#breadcrumb\"},\"inLanguage\":\"en-US\",\"potentialAction\":[{\"@type\":\"ReadAction\",\"target\":[\"https:\/\/himos.fi\/en\/caravan-area-summer\/\"]}]},{\"@type\":\"BreadcrumbList\",\"@id\":\"https:\/\/himos.fi\/en\/caravan-area-summer\/#breadcrumb\",\"itemListElement\":[{\"@type\":\"ListItem\",\"position\":1,\"name\":\"Home\",\"item\":\"https:\/\/himos.fi\/en\/\"},{\"@type\":\"ListItem\",\"position\":2,\"name\":\"Caravan Area &#8211; Summer\"}]},{\"@type\":\"WebSite\",\"@id\":\"https:\/\/himos.fi\/en\/#website\",\"url\":\"https:\/\/himos.fi\/en\/\",\"name\":\"Himos.fi\",\"description\":\"Lumi-Suomen keskipiste!\",\"publisher\":{\"@id\":\"https:\/\/himos.fi\/en\/#organization\"},\"potentialAction\":[{\"@type\":\"SearchAction\",\"target\":{\"@type\":\"EntryPoint\",\"urlTemplate\":\"https:\/\/himos.fi\/en\/?s={search_term_string}\"},\"query-input\":\"required name=search_term_string\"}],\"inLanguage\":\"en-US\"},{\"@type\":\"Organization\",\"@id\":\"https:\/\/himos.fi\/en\/#organization\",\"name\":\"Himos-Yhti\u00f6t Oy\",\"url\":\"https:\/\/himos.fi\/en\/\",\"logo\":{\"@type\":\"ImageObject\",\"inLanguage\":\"en-US\",\"@id\":\"https:\/\/himos.fi\/en\/#\/schema\/logo\/image\/\",\"url\":\"https:\/\/himos.fi\/wp-content\/uploads\/2019\/09\/logo-meili.jpg\",\"contentUrl\":\"https:\/\/himos.fi\/wp-content\/uploads\/2019\/09\/logo-meili.jpg\",\"width\":273,\"height\":96,\"caption\":\"Himos-Yhti\u00f6t Oy\"},\"image\":{\"@id\":\"https:\/\/himos.fi\/en\/#\/schema\/logo\/image\/\"},\"sameAs\":[\"https:\/\/www.instagram.com\/himosskiresort\/\",\"https:\/\/www.youtube.com\/channel\/UCwqSxGN5HaqH3FvCl96ZBFw\",\"https:\/\/www.facebook.com\/himosskiresort\/\"]}]}<\/script>\n<!-- \/ Yoast SEO plugin. -->","yoast_head_json":{"title":"Caravan Area - Summer - Himos.fi | Kausikortit ennakkomyynniss\u00e4 2.11.2025 saakka!","robots":{"index":"index","follow":"follow","max-snippet":"max-snippet:-1","max-image-preview":"max-image-preview:large","max-video-preview":"max-video-preview:-1"},"canonical":"https:\/\/himos.fi\/en\/caravan-area-summer\/","og_locale":"en_US","og_type":"article","og_title":"Caravan Area - Summer - Himos.fi | Kausikortit ennakkomyynniss\u00e4 2.11.2025 saakka!","og_description":"West Himos caravan places are booked through the website himos.ecaravan.fi North Himos caravan area is closed for summer. Summer season 8.5.-21.9.2026. Excluding 5.-7.6. and 14.6.-8.7.Juhannus, Iskelm\u00e4 and Jys\u00e4ri (14.6.-8.7.) festival caravan places reservations via event organizer. Please note that some of the places are uneven. There are a limited number of planks available in the [&hellip;]","og_url":"https:\/\/himos.fi\/en\/caravan-area-summer\/","og_site_name":"Himos.fi","article_publisher":"https:\/\/www.facebook.com\/himosskiresort\/","article_modified_time":"2026-04-08T08:02:20+00:00","twitter_card":"summary_large_image","twitter_misc":{"Est. reading time":"1 minute"},"schema":{"@context":"https:\/\/schema.org","@graph":[{"@type":"WebPage","@id":"https:\/\/himos.fi\/en\/caravan-area-summer\/","url":"https:\/\/himos.fi\/en\/caravan-area-summer\/","name":"Caravan Area - Summer - Himos.fi | Kausikortit ennakkomyynniss\u00e4 2.11.2025 saakka!","isPartOf":{"@id":"https:\/\/himos.fi\/en\/#website"},"datePublished":"2026-04-07T12:45:54+00:00","dateModified":"2026-04-08T08:02:20+00:00","breadcrumb":{"@id":"https:\/\/himos.fi\/en\/caravan-area-summer\/#breadcrumb"},"inLanguage":"en-US","potentialAction":[{"@type":"ReadAction","target":["https:\/\/himos.fi\/en\/caravan-area-summer\/"]}]},{"@type":"BreadcrumbList","@id":"https:\/\/himos.fi\/en\/caravan-area-summer\/#breadcrumb","itemListElement":[{"@type":"ListItem","position":1,"name":"Home","item":"https:\/\/himos.fi\/en\/"},{"@type":"ListItem","position":2,"name":"Caravan Area &#8211; Summer"}]},{"@type":"WebSite","@id":"https:\/\/himos.fi\/en\/#website","url":"https:\/\/himos.fi\/en\/","name":"Himos.fi","description":"Lumi-Suomen keskipiste!","publisher":{"@id":"https:\/\/himos.fi\/en\/#organization"},"potentialAction":[{"@type":"SearchAction","target":{"@type":"EntryPoint","urlTemplate":"https:\/\/himos.fi\/en\/?s={search_term_string}"},"query-input":"required name=search_term_string"}],"inLanguage":"en-US"},{"@type":"Organization","@id":"https:\/\/himos.fi\/en\/#organization","name":"Himos-Yhti\u00f6t Oy","url":"https:\/\/himos.fi\/en\/","logo":{"@type":"ImageObject","inLanguage":"en-US","@id":"https:\/\/himos.fi\/en\/#\/schema\/logo\/image\/","url":"https:\/\/himos.fi\/wp-content\/uploads\/2019\/09\/logo-meili.jpg","contentUrl":"https:\/\/himos.fi\/wp-content\/uploads\/2019\/09\/logo-meili.jpg","width":273,"height":96,"caption":"Himos-Yhti\u00f6t Oy"},"image":{"@id":"https:\/\/himos.fi\/en\/#\/schema\/logo\/image\/"},"sameAs":["https:\/\/www.instagram.com\/himosskiresort\/","https:\/\/www.youtube.com\/channel\/UCwqSxGN5HaqH3FvCl96ZBFw","https:\/\/www.facebook.com\/himosskiresort\/"]}]}},"_links":{"self":[{"href":"https:\/\/himos.fi\/en\/wp-json\/wp\/v2\/pages\/31506"}],"collection":[{"href":"https:\/\/himos.fi\/en\/wp-json\/wp\/v2\/pages"}],"about":[{"href":"https:\/\/himos.fi\/en\/wp-json\/wp\/v2\/types\/page"}],"author":[{"embeddable":true,"href":"https:\/\/himos.fi\/en\/wp-json\/wp\/v2\/users\/2"}],"replies":[{"embeddable":true,"href":"https:\/\/himos.fi\/en\/wp-json\/wp\/v2\/comments?post=31506"}],"version-history":[{"count":8,"href":"https:\/\/himos.fi\/en\/wp-json\/wp\/v2\/pages\/31506\/revisions"}],"predecessor-version":[{"id":31523,"href":"https:\/\/himos.fi\/en\/wp-json\/wp\/v2\/pages\/31506\/revisions\/31523"}],"wp:attachment":[{"href":"https:\/\/himos.fi\/en\/wp-json\/wp\/v2\/media?parent=31506"}],"curies":[{"name":"wp","href":"https:\/\/api.w.org\/{rel}","templated":true}]}}