{"id":3226,"date":"2019-08-06T09:44:19","date_gmt":"2019-08-06T06:44:19","guid":{"rendered":"https:\/\/himos.fi\/slope-services\/rinneravintolat\/"},"modified":"2026-04-01T14:37:12","modified_gmt":"2026-04-01T11:37:12","slug":"rinneravintolat","status":"publish","type":"page","link":"https:\/\/himos.fi\/en\/slope-services\/rinneravintolat\/","title":{"rendered":"Slope Restaurants"},"content":{"rendered":"\n<h2>RESTAURANTS IN SLOPE AREA<\/h2>\n\n\n\n<div class=\"wp-container-4 wp-block-columns has-3-columns\">\n<div class=\"wp-container-1 wp-block-column\">\n<figure class=\"wp-block-image size-full\"><a href=\"https:\/\/himosravintolat.fi\/rinneravintolat\/\" target=\"_blank\" rel=\"noreferrer noopener\"><img loading=\"lazy\" width=\"658\" height=\"400\" src=\"https:\/\/himos.fi\/wp-content\/uploads\/2025\/01\/himos-bistro_2025.jpg\" alt=\"\" class=\"wp-image-25307\" srcset=\"https:\/\/himos.fi\/wp-content\/uploads\/2025\/01\/himos-bistro_2025.jpg 658w, https:\/\/himos.fi\/wp-content\/uploads\/2025\/01\/himos-bistro_2025-300x182.jpg 300w\" sizes=\"(max-width: 658px) 100vw, 658px\" \/><\/a><\/figure>\n\n\n\n<p><strong><a href=\"https:\/\/himosravintolat.fi\/rinneravintolat\/?utm_source=himos&amp;utm_medium=referral&amp;utm_campaign=himos-referral-2023-talvi\" target=\"_blank\" rel=\"noreferrer noopener\">Bistro<\/a><\/strong> &#8211; Western slopes<br>Tel. +358 (0)20 711 9287 (from Dec 1st) | L\u00e4nsikeskuksentie 9 | 42100 J\u00e4ms\u00e4<br>Warm up and enjoy burgers and other delicious snacks between skiing. For bigger or smaller appetite! Our cocoa is always hot and sparkling wine cold.<br>Bistro is always open during the opening hours of the Western slopes. Please check rinneravintolat.fi for more detailed opening hours and menu.<\/p>\n<\/div>\n\n\n\n<div class=\"wp-container-2 wp-block-column\">\n<figure class=\"wp-block-image size-full\"><a href=\"https:\/\/himosravintolat.fi\/rinneravintolat\/\" target=\"_blank\" rel=\"noreferrer noopener\"><img loading=\"lazy\" width=\"658\" height=\"400\" src=\"https:\/\/himos.fi\/wp-content\/uploads\/2025\/01\/himos-buffet_2025.jpg\" alt=\"\" class=\"wp-image-25310\" srcset=\"https:\/\/himos.fi\/wp-content\/uploads\/2025\/01\/himos-buffet_2025.jpg 658w, https:\/\/himos.fi\/wp-content\/uploads\/2025\/01\/himos-buffet_2025-300x182.jpg 300w\" sizes=\"(max-width: 658px) 100vw, 658px\" \/><\/a><\/figure>\n\n\n\n<p><strong><a href=\"https:\/\/himosravintolat.fi\/rinneravintolat\/?utm_source=himos&amp;utm_medium=referral&amp;utm_campaign=himos-referral-2023-talvi\" target=\"_blank\" rel=\"noreferrer noopener\">Buffet<\/a><\/strong> &#8211; Western slopes<br>Tel. +358 (0)20 711 9288 (from Dec 1st) | L\u00e4nsikeskuksentie 7 | 42100 J\u00e4ms\u00e4<br>Pizza on and off the slopes at Himos Buffet! Turn your skis towards for a delicious pan pizza buffet, generous salad bar and a hot-chocolate heaven by Tazza. Buffet is open at lunchtime during weekends and holiday seasons.<\/p>\n<\/div>\n\n\n\n<div class=\"wp-container-3 wp-block-column\">\n<figure class=\"wp-block-image size-full\"><a href=\"https:\/\/himosravintolat.fi\/rinneravintolat\/\" target=\"_blank\" rel=\"noreferrer noopener\"><img loading=\"lazy\" width=\"658\" height=\"400\" src=\"https:\/\/himos.fi\/wp-content\/uploads\/2025\/01\/himos-cafe_2025.jpg\" alt=\"\" class=\"wp-image-25314\" srcset=\"https:\/\/himos.fi\/wp-content\/uploads\/2025\/01\/himos-cafe_2025.jpg 658w, https:\/\/himos.fi\/wp-content\/uploads\/2025\/01\/himos-cafe_2025-300x182.jpg 300w\" sizes=\"(max-width: 658px) 100vw, 658px\" \/><\/a><\/figure>\n\n\n\n<p><strong><a href=\"https:\/\/himosravintolat.fi\/rinneravintolat\/?utm_source=himos&amp;utm_medium=referral&amp;utm_campaign=himos-referral-2023-talvi\" target=\"_blank\" rel=\"noreferrer noopener\">Caf\u00e9<\/a> <\/strong>&#8211; Northern slopes<br>Tel. +358 (0)20 711 9289 (from Dec 1st) | Patajoentie 210 | 42100 J\u00e4ms\u00e4<br>The steaming soup lunch at ozy Northern slopes offers warm and relaxing moments during a long day of skiing. Re-charge on the sunny glazed terrace in the magnificent panorama of the slopes.<br>Caf\u00e9 is open during the Norhtern slopes opening hours.<br><\/p>\n<\/div>\n<\/div>\n\n\n\n<div style=\"height:24px\" aria-hidden=\"true\" class=\"wp-block-spacer\"><\/div>\n\n\n\n<div class=\"wp-container-8 wp-block-columns has-3-columns\">\n<div class=\"wp-container-5 wp-block-column\">\n<figure class=\"wp-block-image size-full\"><a href=\"https:\/\/himosmajoitus.fi\/briefly-in-english\/\" target=\"_blank\" rel=\"noreferrer noopener\"><img loading=\"lazy\" width=\"658\" height=\"400\" src=\"https:\/\/himos.fi\/wp-content\/uploads\/2019\/11\/ravintolarinne1200_658x400.jpg\" alt=\"\" class=\"wp-image-3636\" srcset=\"https:\/\/himos.fi\/wp-content\/uploads\/2019\/11\/ravintolarinne1200_658x400.jpg 658w, https:\/\/himos.fi\/wp-content\/uploads\/2019\/11\/ravintolarinne1200_658x400-300x182.jpg 300w\" sizes=\"(max-width: 658px) 100vw, 658px\" \/><\/a><\/figure>\n\n\n\n<p><strong><a href=\"http:\/\/www.himosmajoitus.fi\/ravintola-rinne-3\" target=\"_blank\" rel=\"noreferrer noopener\">Restaurant Rinne<\/a><\/strong> &#8211; Western slopes<\/p>\n\n\n\n<p>Tel. +358 (0)40 734 8608 | info@himosmajoitus.fi | L\u00e4nsikeskuksentie 6 | 42100 J\u00e4ms\u00e4<br>Restaurant Rinne in heart of Himos. Best buffet and legendary After Ski!<\/p>\n<\/div>\n\n\n\n<div class=\"wp-container-6 wp-block-column\">\n<figure class=\"wp-block-image size-full\"><a href=\"https:\/\/himosmajoitus.fi\/briefly-in-english\/\" target=\"_blank\" rel=\"noreferrer noopener\"><img loading=\"lazy\" width=\"658\" height=\"400\" src=\"https:\/\/himos.fi\/wp-content\/uploads\/2023\/12\/vuorikahvio-658-x-400.jpg\" alt=\"\" class=\"wp-image-18657\" srcset=\"https:\/\/himos.fi\/wp-content\/uploads\/2023\/12\/vuorikahvio-658-x-400.jpg 658w, https:\/\/himos.fi\/wp-content\/uploads\/2023\/12\/vuorikahvio-658-x-400-300x182.jpg 300w\" sizes=\"(max-width: 658px) 100vw, 658px\" \/><\/a><\/figure>\n\n\n\n<p><strong><a href=\"https:\/\/himosmajoitus.fi\/vuorikahvio\/\" target=\"_blank\" rel=\"noreferrer noopener\">Vuorikahvio <\/a><\/strong>&#8211; Northern slopes<\/p>\n\n\n\n<p>Tel. 358 (0)40 734 8608 | info@himosmajoitus.fi | Himoshuipuntie 172 | 42100 J\u00e4ms\u00e4<br>Come and enjoy heavenly donuts and delicious food during skiing!<\/p>\n<\/div>\n\n\n\n<div class=\"wp-container-7 wp-block-column\">\n<figure class=\"wp-block-image size-full\"><a href=\"https:\/\/www.raflaamo.fi\/en\/restaurant\/jamsa\/laaksoravintola-loiva\" target=\"_blank\" rel=\"noreferrer noopener\"><img loading=\"lazy\" width=\"658\" height=\"400\" src=\"https:\/\/himos.fi\/wp-content\/uploads\/2026\/02\/Laaksoravintola-Loiva.jpg\" alt=\"\" class=\"wp-image-30697\" srcset=\"https:\/\/himos.fi\/wp-content\/uploads\/2026\/02\/Laaksoravintola-Loiva.jpg 658w, https:\/\/himos.fi\/wp-content\/uploads\/2026\/02\/Laaksoravintola-Loiva-300x182.jpg 300w\" sizes=\"(max-width: 658px) 100vw, 658px\" \/><\/a><figcaption><strong><a href=\"https:\/\/www.raflaamo.fi\/en\/restaurant\/jamsa\/laaksoravintola-loiva\" target=\"_blank\" rel=\"noreferrer noopener\">Laaksoravintola Loiva<\/a> <\/strong>&#8211; Western slopes<\/figcaption><\/figure>\n\n\n\n<p>Tel.+358 (0)10 785 1910 (pvm\/mpm), raflaamo.fi | Golfintie 1 | 42100 J\u00e4ms\u00e4<br>We offer delicious food and a relaxed atmosphere where the rush gently eases. Our menu features straightforward dishes that are sure to satisfy your hunger. In addition to \u00e1 la carte, we serve breakfast, lunch, and caf\u00e9 items &#8211; not forgetting dishes at special co-op members prices. We\u00b4re open from morning to evening, right up until the very last smile has been served. <\/p>\n<\/div>\n<\/div>\n\n\n\n<div style=\"height:25px\" aria-hidden=\"true\" class=\"wp-block-spacer\"><\/div>\n\n\n\n<h2>HIMOS AREA RESTAURANTS<\/h2>\n\n\n\n<div class=\"wp-container-12 wp-block-columns has-3-columns\">\n<div class=\"wp-container-9 wp-block-column\">\n<figure class=\"wp-block-image size-full\"><a href=\"https:\/\/himoslomat.fi\/en\/restaurants\/tupa-kitchen-bar\/?utm_source=himos-eng&amp;utm_medium=referral&amp;utm_campaign=himos-referral-2022-talvi-eng\" target=\"_blank\" rel=\"noreferrer noopener\"><img loading=\"lazy\" width=\"658\" height=\"400\" src=\"https:\/\/himos.fi\/wp-content\/uploads\/2021\/09\/tupa_2021-22_658x400px.jpg\" alt=\"\" class=\"wp-image-8530\" srcset=\"https:\/\/himos.fi\/wp-content\/uploads\/2021\/09\/tupa_2021-22_658x400px.jpg 658w, https:\/\/himos.fi\/wp-content\/uploads\/2021\/09\/tupa_2021-22_658x400px-300x182.jpg 300w\" sizes=\"(max-width: 658px) 100vw, 658px\" \/><\/a><\/figure>\n\n\n\n<p><strong><a href=\"https:\/\/himoslomat.fi\/en\/restaurants\/tupa-kitchen-bar\/?utm_source=himos-eng&amp;utm_medium=referral&amp;utm_campaign=himos-referral-2022-talvi-eng\" target=\"_blank\" rel=\"noreferrer noopener\">Tupa kitchen &amp; bar<\/a><\/strong><\/p>\n\n\n\n<p>Tel. +358 (0)20 711 9290 | himosholiday@himosholiday.com | S\u00e4yryl\u00e4ntie 445 | 42100 J\u00e4ms\u00e4<br>Tupa kitchen &amp; bar offers delicious \u00e1 la carte dining, breakfast buffet, enjoyable drinks or a cup of coffee \u2013 welcome!<\/p>\n<\/div>\n\n\n\n<div class=\"wp-container-10 wp-block-column\">\n<figure class=\"wp-block-image size-full\"><a href=\"https:\/\/himosravintolat.fi\/mono\/\" target=\"_blank\" rel=\"noreferrer noopener\"><img loading=\"lazy\" width=\"658\" height=\"400\" src=\"https:\/\/himos.fi\/wp-content\/uploads\/2025\/12\/mono-pub-karaoke25-26_658x400.png\" alt=\"\" class=\"wp-image-29232\" srcset=\"https:\/\/himos.fi\/wp-content\/uploads\/2025\/12\/mono-pub-karaoke25-26_658x400.png 658w, https:\/\/himos.fi\/wp-content\/uploads\/2025\/12\/mono-pub-karaoke25-26_658x400-300x182.png 300w\" sizes=\"(max-width: 658px) 100vw, 658px\" \/><\/a><\/figure>\n\n\n\n<p><strong><a href=\"https:\/\/himosravintolat.fi\/mono\/\" target=\"_blank\" rel=\"noreferrer noopener\">Mono pub<\/a><\/strong><\/p>\n\n\n\n<p>Tel. +358 (0)20 711 9299 | himosholiday@himosholiday.com | S\u00e4yryl\u00e4ntie 445 | 42100 J\u00e4ms\u00e4<br>Mono pub is the place to sing karaoke and enjoy refreshments in pub atmosphere!<\/p>\n<\/div>\n\n\n\n<div class=\"wp-container-11 wp-block-column\">\n<figure class=\"wp-block-image size-full\"><a href=\"https:\/\/himoslomat.fi\/en\/wild-west\/?utm_source=himos&amp;utm_medium=referral&amp;utm_campaign=himos-referral-2023-talvi\" target=\"_blank\" rel=\"noreferrer noopener\"><img loading=\"lazy\" width=\"658\" height=\"400\" src=\"https:\/\/himos.fi\/wp-content\/uploads\/2024\/01\/saluuna_658x400.png\" alt=\"\" class=\"wp-image-19333\" srcset=\"https:\/\/himos.fi\/wp-content\/uploads\/2024\/01\/saluuna_658x400.png 658w, https:\/\/himos.fi\/wp-content\/uploads\/2024\/01\/saluuna_658x400-300x182.png 300w\" sizes=\"(max-width: 658px) 100vw, 658px\" \/><\/a><\/figure>\n\n\n\n<p><strong><a href=\"https:\/\/himoslomat.fi\/en\/wild-west\/?utm_source=himos&amp;utm_medium=referral&amp;utm_campaign=himos-referral-2023-talvi\" target=\"_blank\" rel=\"noreferrer noopener\">Saloon<\/a><\/strong><br>Tel. +358 (0)20 711 9285 | himosholiday@himosholiday.com | Peikkomets\u00e4ntie 2 | 42100 J\u00e4ms\u00e4<br>Saloon is the laid-back common living room of Himos, where you can drop in for a drink, lunch, or to enjoy yourself for the entire weekend. The bistro-style restaurant and large terrace offer a western experience every day \u2013 all year round!<\/p>\n<\/div>\n<\/div>\n\n\n\n<div class=\"wp-container-16 wp-block-columns has-3-columns\">\n<div class=\"wp-container-13 wp-block-column\">\n<figure class=\"wp-block-image size-large\"><a href=\"https:\/\/www.patapirtti.fi\/in-english\/\" target=\"_blank\" rel=\"noreferrer noopener\"><img loading=\"lazy\" width=\"1024\" height=\"627\" src=\"https:\/\/himos.fi\/wp-content\/uploads\/2020\/01\/Patapirtti_ravintola-1024x627.jpg\" alt=\"patapirtti\" class=\"wp-image-4391\" srcset=\"https:\/\/himos.fi\/wp-content\/uploads\/2020\/01\/Patapirtti_ravintola-1024x627.jpg 1024w, https:\/\/himos.fi\/wp-content\/uploads\/2020\/01\/Patapirtti_ravintola-300x184.jpg 300w, https:\/\/himos.fi\/wp-content\/uploads\/2020\/01\/Patapirtti_ravintola-768x470.jpg 768w, https:\/\/himos.fi\/wp-content\/uploads\/2020\/01\/Patapirtti_ravintola-1536x940.jpg 1536w, https:\/\/himos.fi\/wp-content\/uploads\/2020\/01\/Patapirtti_ravintola-2048x1254.jpg 2048w\" sizes=\"(max-width: 1024px) 100vw, 1024px\" \/><\/a><\/figure>\n\n\n\n<p><a href=\"https:\/\/www.patapirtti.fi\/in-english\/\"><strong>Patapirtti, Uusi-Yij\u00e4l\u00e4 Farm<\/strong><\/a><\/p>\n\n\n\n<p>Tel. +358 (0)45 6511 405 | Yij\u00e4l\u00e4nsalmentie 190 | 42100 J\u00e4ms\u00e4<br>The best Finnish food in Himos! Speciality, the berry wines of the farm. Rural hotel and sauna services available too.<\/p>\n<\/div>\n\n\n\n<div class=\"wp-container-14 wp-block-column\">\n<figure class=\"wp-block-image size-full\"><a href=\"https:\/\/hirvikartano.fi\/en\/\" target=\"_blank\" rel=\"noreferrer noopener\"><img loading=\"lazy\" width=\"658\" height=\"400\" src=\"https:\/\/himos.fi\/wp-content\/uploads\/2020\/10\/Himos-banneri-Kartano-ENG-20-21.jpg\" alt=\"\" class=\"wp-image-5531\" srcset=\"https:\/\/himos.fi\/wp-content\/uploads\/2020\/10\/Himos-banneri-Kartano-ENG-20-21.jpg 658w, https:\/\/himos.fi\/wp-content\/uploads\/2020\/10\/Himos-banneri-Kartano-ENG-20-21-300x182.jpg 300w\" sizes=\"(max-width: 658px) 100vw, 658px\" \/><\/a><\/figure>\n\n\n\n<p><strong><a href=\"https:\/\/hirvikartano.fi\/en\/\" target=\"_blank\" rel=\"noreferrer noopener\">Restaurant Moose Manor | Zoo<\/a><\/strong><\/p>\n\n\n\n<p>Tel. +358 (0)400 488 779 | Hein\u00e4sel\u00e4ntie 381 | 42100 J\u00e4ms\u00e4<br>Only 10 min. from Himos! Zoo is free for diners.<\/p>\n<\/div>\n\n\n\n<div class=\"wp-container-15 wp-block-column\">\n<p><\/p>\n<\/div>\n<\/div>\n\n\n\n<div style=\"height:25px\" aria-hidden=\"true\" class=\"wp-block-spacer\"><\/div>\n\n\n\n<h2>J\u00c4MS\u00c4 CENTER RESTAURANTS<\/h2>\n\n\n\n<div class=\"wp-container-20 wp-block-columns has-3-columns\">\n<div class=\"wp-container-17 wp-block-column\">\n<figure class=\"wp-block-image size-full\"><a href=\"https:\/\/hilpeahirvi.fi\/en\/\" target=\"_blank\" rel=\"noreferrer noopener\"><img loading=\"lazy\" width=\"658\" height=\"400\" src=\"https:\/\/himos.fi\/wp-content\/uploads\/2025\/10\/Hilpea-Hirvi-25-26-eng.jpg\" alt=\"\" class=\"wp-image-28239\" srcset=\"https:\/\/himos.fi\/wp-content\/uploads\/2025\/10\/Hilpea-Hirvi-25-26-eng.jpg 658w, https:\/\/himos.fi\/wp-content\/uploads\/2025\/10\/Hilpea-Hirvi-25-26-eng-300x182.jpg 300w\" sizes=\"(max-width: 658px) 100vw, 658px\" \/><\/a><\/figure>\n\n\n\n<p><a rel=\"noreferrer noopener\" href=\"https:\/\/hilpeahirvi.fi\/en\/\" target=\"_blank\"><strong>Merry Moose bistro<\/strong><\/a>&nbsp;\u2013 in the center of J\u00e4ms\u00e4<\/p>\n\n\n\n<p>Tel. +358 (0)50 444 4001 | Keskuskatu 2-4 |<br>42100 J\u00e4ms\u00e4<br>Open every day!<\/p>\n\n\n\n<p>In our \u00e0 la carte restaurant, we create delicious dishes for the whole family. For even more taste experiences, enjoy our pizza buffet every Friday from 12pm to 6pm. The pub offers a cozy spot to drop by. Welcome!<br>Catering Orders: +358 (0)50 4444 001 \/ ravintola@hilpeahirvi.fi<br>Order beforehand. (At least 3 weekdays before delivery.)<\/p>\n<\/div>\n\n\n\n<div class=\"wp-container-18 wp-block-column\">\n<p><\/p>\n<\/div>\n\n\n\n<div class=\"wp-container-19 wp-block-column\">\n<p><\/p>\n<\/div>\n<\/div>\n","protected":false},"excerpt":{"rendered":"<p>RESTAURANTS IN SLOPE AREA Bistro &#8211; Western slopesTel. +358 (0)20 711 9287 (from Dec 1st) | L\u00e4nsikeskuksentie 9 | 42100 J\u00e4ms\u00e4Warm up and enjoy burgers and other delicious snacks between skiing. For bigger or smaller appetite! Our cocoa is always hot and sparkling wine cold.Bistro is always open during the opening hours of the Western [&hellip;]<\/p>\n","protected":false},"author":1,"featured_media":0,"parent":3032,"menu_order":6,"comment_status":"closed","ping_status":"closed","template":"template-sub.php","meta":[],"acf":[],"featured_image_src":null,"yoast_head":"<!-- This site is optimized with the Yoast SEO plugin v19.11 - https:\/\/yoast.com\/wordpress\/plugins\/seo\/ -->\n<title>Slope Restaurants - Himos.fi | Central point of Skiing Finland!<\/title>\n<meta name=\"robots\" content=\"index, follow, max-snippet:-1, max-image-preview:large, max-video-preview:-1\" \/>\n<link rel=\"canonical\" href=\"https:\/\/himos.fi\/en\/slope-services\/rinneravintolat\/\" \/>\n<meta property=\"og:locale\" content=\"en_US\" \/>\n<meta property=\"og:type\" content=\"article\" \/>\n<meta property=\"og:title\" content=\"Slope Restaurants - Himos.fi | Central point of Skiing Finland!\" \/>\n<meta property=\"og:description\" content=\"RESTAURANTS IN SLOPE AREA Bistro &#8211; Western slopesTel. +358 (0)20 711 9287 (from Dec 1st) | L\u00e4nsikeskuksentie 9 | 42100 J\u00e4ms\u00e4Warm up and enjoy burgers and other delicious snacks between skiing. For bigger or smaller appetite! Our cocoa is always hot and sparkling wine cold.Bistro is always open during the opening hours of the Western [&hellip;]\" \/>\n<meta property=\"og:url\" content=\"https:\/\/himos.fi\/en\/slope-services\/rinneravintolat\/\" \/>\n<meta property=\"og:site_name\" content=\"Himos.fi\" \/>\n<meta property=\"article:publisher\" content=\"https:\/\/www.facebook.com\/himosskiresort\/\" \/>\n<meta property=\"article:modified_time\" content=\"2026-04-01T11:37:12+00:00\" \/>\n<meta property=\"og:image\" content=\"https:\/\/himos.fi\/wp-content\/uploads\/2025\/01\/himos-bistro_2025.jpg\" \/>\n<meta name=\"twitter:card\" content=\"summary_large_image\" \/>\n<meta name=\"twitter:label1\" content=\"Est. reading time\" \/>\n\t<meta name=\"twitter:data1\" content=\"1 minute\" \/>\n<script type=\"application\/ld+json\" class=\"yoast-schema-graph\">{\"@context\":\"https:\/\/schema.org\",\"@graph\":[{\"@type\":\"WebPage\",\"@id\":\"https:\/\/himos.fi\/en\/slope-services\/rinneravintolat\/\",\"url\":\"https:\/\/himos.fi\/en\/slope-services\/rinneravintolat\/\",\"name\":\"Slope Restaurants - Himos.fi | Central point of Skiing Finland!\",\"isPartOf\":{\"@id\":\"https:\/\/himos.fi\/en\/#website\"},\"datePublished\":\"2019-08-06T06:44:19+00:00\",\"dateModified\":\"2026-04-01T11:37:12+00:00\",\"breadcrumb\":{\"@id\":\"https:\/\/himos.fi\/en\/slope-services\/rinneravintolat\/#breadcrumb\"},\"inLanguage\":\"en-US\",\"potentialAction\":[{\"@type\":\"ReadAction\",\"target\":[\"https:\/\/himos.fi\/en\/slope-services\/rinneravintolat\/\"]}]},{\"@type\":\"BreadcrumbList\",\"@id\":\"https:\/\/himos.fi\/en\/slope-services\/rinneravintolat\/#breadcrumb\",\"itemListElement\":[{\"@type\":\"ListItem\",\"position\":1,\"name\":\"Home\",\"item\":\"https:\/\/himos.fi\/en\/\"},{\"@type\":\"ListItem\",\"position\":2,\"name\":\"Slope Services\",\"item\":\"https:\/\/himos.fi\/en\/slope-services\/\"},{\"@type\":\"ListItem\",\"position\":3,\"name\":\"Slope Restaurants\"}]},{\"@type\":\"WebSite\",\"@id\":\"https:\/\/himos.fi\/en\/#website\",\"url\":\"https:\/\/himos.fi\/en\/\",\"name\":\"Himos.fi\",\"description\":\"Lumi-Suomen keskipiste!\",\"publisher\":{\"@id\":\"https:\/\/himos.fi\/en\/#organization\"},\"potentialAction\":[{\"@type\":\"SearchAction\",\"target\":{\"@type\":\"EntryPoint\",\"urlTemplate\":\"https:\/\/himos.fi\/en\/?s={search_term_string}\"},\"query-input\":\"required name=search_term_string\"}],\"inLanguage\":\"en-US\"},{\"@type\":\"Organization\",\"@id\":\"https:\/\/himos.fi\/en\/#organization\",\"name\":\"Himos-Yhti\u00f6t Oy\",\"url\":\"https:\/\/himos.fi\/en\/\",\"logo\":{\"@type\":\"ImageObject\",\"inLanguage\":\"en-US\",\"@id\":\"https:\/\/himos.fi\/en\/#\/schema\/logo\/image\/\",\"url\":\"https:\/\/himos.fi\/wp-content\/uploads\/2019\/09\/logo-meili.jpg\",\"contentUrl\":\"https:\/\/himos.fi\/wp-content\/uploads\/2019\/09\/logo-meili.jpg\",\"width\":273,\"height\":96,\"caption\":\"Himos-Yhti\u00f6t Oy\"},\"image\":{\"@id\":\"https:\/\/himos.fi\/en\/#\/schema\/logo\/image\/\"},\"sameAs\":[\"https:\/\/www.instagram.com\/himosskiresort\/\",\"https:\/\/www.youtube.com\/channel\/UCwqSxGN5HaqH3FvCl96ZBFw\",\"https:\/\/www.facebook.com\/himosskiresort\/\"]}]}<\/script>\n<!-- \/ Yoast SEO plugin. -->","yoast_head_json":{"title":"Slope Restaurants - Himos.fi | Central point of Skiing Finland!","robots":{"index":"index","follow":"follow","max-snippet":"max-snippet:-1","max-image-preview":"max-image-preview:large","max-video-preview":"max-video-preview:-1"},"canonical":"https:\/\/himos.fi\/en\/slope-services\/rinneravintolat\/","og_locale":"en_US","og_type":"article","og_title":"Slope Restaurants - Himos.fi | Central point of Skiing Finland!","og_description":"RESTAURANTS IN SLOPE AREA Bistro &#8211; Western slopesTel. +358 (0)20 711 9287 (from Dec 1st) | L\u00e4nsikeskuksentie 9 | 42100 J\u00e4ms\u00e4Warm up and enjoy burgers and other delicious snacks between skiing. For bigger or smaller appetite! Our cocoa is always hot and sparkling wine cold.Bistro is always open during the opening hours of the Western [&hellip;]","og_url":"https:\/\/himos.fi\/en\/slope-services\/rinneravintolat\/","og_site_name":"Himos.fi","article_publisher":"https:\/\/www.facebook.com\/himosskiresort\/","article_modified_time":"2026-04-01T11:37:12+00:00","og_image":[{"url":"https:\/\/himos.fi\/wp-content\/uploads\/2025\/01\/himos-bistro_2025.jpg"}],"twitter_card":"summary_large_image","twitter_misc":{"Est. reading time":"1 minute"},"schema":{"@context":"https:\/\/schema.org","@graph":[{"@type":"WebPage","@id":"https:\/\/himos.fi\/en\/slope-services\/rinneravintolat\/","url":"https:\/\/himos.fi\/en\/slope-services\/rinneravintolat\/","name":"Slope Restaurants - Himos.fi | Central point of Skiing Finland!","isPartOf":{"@id":"https:\/\/himos.fi\/en\/#website"},"datePublished":"2019-08-06T06:44:19+00:00","dateModified":"2026-04-01T11:37:12+00:00","breadcrumb":{"@id":"https:\/\/himos.fi\/en\/slope-services\/rinneravintolat\/#breadcrumb"},"inLanguage":"en-US","potentialAction":[{"@type":"ReadAction","target":["https:\/\/himos.fi\/en\/slope-services\/rinneravintolat\/"]}]},{"@type":"BreadcrumbList","@id":"https:\/\/himos.fi\/en\/slope-services\/rinneravintolat\/#breadcrumb","itemListElement":[{"@type":"ListItem","position":1,"name":"Home","item":"https:\/\/himos.fi\/en\/"},{"@type":"ListItem","position":2,"name":"Slope Services","item":"https:\/\/himos.fi\/en\/slope-services\/"},{"@type":"ListItem","position":3,"name":"Slope Restaurants"}]},{"@type":"WebSite","@id":"https:\/\/himos.fi\/en\/#website","url":"https:\/\/himos.fi\/en\/","name":"Himos.fi","description":"Lumi-Suomen keskipiste!","publisher":{"@id":"https:\/\/himos.fi\/en\/#organization"},"potentialAction":[{"@type":"SearchAction","target":{"@type":"EntryPoint","urlTemplate":"https:\/\/himos.fi\/en\/?s={search_term_string}"},"query-input":"required name=search_term_string"}],"inLanguage":"en-US"},{"@type":"Organization","@id":"https:\/\/himos.fi\/en\/#organization","name":"Himos-Yhti\u00f6t Oy","url":"https:\/\/himos.fi\/en\/","logo":{"@type":"ImageObject","inLanguage":"en-US","@id":"https:\/\/himos.fi\/en\/#\/schema\/logo\/image\/","url":"https:\/\/himos.fi\/wp-content\/uploads\/2019\/09\/logo-meili.jpg","contentUrl":"https:\/\/himos.fi\/wp-content\/uploads\/2019\/09\/logo-meili.jpg","width":273,"height":96,"caption":"Himos-Yhti\u00f6t Oy"},"image":{"@id":"https:\/\/himos.fi\/en\/#\/schema\/logo\/image\/"},"sameAs":["https:\/\/www.instagram.com\/himosskiresort\/","https:\/\/www.youtube.com\/channel\/UCwqSxGN5HaqH3FvCl96ZBFw","https:\/\/www.facebook.com\/himosskiresort\/"]}]}},"_links":{"self":[{"href":"https:\/\/himos.fi\/en\/wp-json\/wp\/v2\/pages\/3226"}],"collection":[{"href":"https:\/\/himos.fi\/en\/wp-json\/wp\/v2\/pages"}],"about":[{"href":"https:\/\/himos.fi\/en\/wp-json\/wp\/v2\/types\/page"}],"author":[{"embeddable":true,"href":"https:\/\/himos.fi\/en\/wp-json\/wp\/v2\/users\/1"}],"replies":[{"embeddable":true,"href":"https:\/\/himos.fi\/en\/wp-json\/wp\/v2\/comments?post=3226"}],"version-history":[{"count":39,"href":"https:\/\/himos.fi\/en\/wp-json\/wp\/v2\/pages\/3226\/revisions"}],"predecessor-version":[{"id":31271,"href":"https:\/\/himos.fi\/en\/wp-json\/wp\/v2\/pages\/3226\/revisions\/31271"}],"up":[{"embeddable":true,"href":"https:\/\/himos.fi\/en\/wp-json\/wp\/v2\/pages\/3032"}],"wp:attachment":[{"href":"https:\/\/himos.fi\/en\/wp-json\/wp\/v2\/media?parent=3226"}],"curies":[{"name":"wp","href":"https:\/\/api.w.org\/{rel}","templated":true}]}}