{"id":3241,"date":"2019-08-06T09:46:59","date_gmt":"2019-08-06T06:46:59","guid":{"rendered":"https:\/\/himos.fi\/other-services\/ostokset\/"},"modified":"2026-01-17T15:43:58","modified_gmt":"2026-01-17T13:43:58","slug":"shopping","status":"publish","type":"page","link":"https:\/\/himos.fi\/en\/other-services\/shopping\/","title":{"rendered":"Shopping"},"content":{"rendered":"\n<h2>SHOPPING IN J\u00c4MS\u00c4 AREA<\/h2>\n\n\n\n<div class=\"wp-container-4 wp-block-columns has-3-columns\">\n<div class=\"wp-container-1 wp-block-column\">\n<figure class=\"wp-block-image size-large\"><a href=\"https:\/\/himos.fi\/en\/slope-services\/ski-shop\/\" target=\"_blank\" rel=\"noopener\"><img loading=\"lazy\" width=\"640\" height=\"390\" src=\"https:\/\/himos.fi\/wp-content\/uploads\/2020\/12\/skishop_ostokset.jpg\" alt=\"\" class=\"wp-image-6208\" srcset=\"https:\/\/himos.fi\/wp-content\/uploads\/2020\/12\/skishop_ostokset.jpg 640w, https:\/\/himos.fi\/wp-content\/uploads\/2020\/12\/skishop_ostokset-300x183.jpg 300w\" sizes=\"(max-width: 640px) 100vw, 640px\" \/><\/a><figcaption><strong><a href=\"https:\/\/himos.fi\/en\/slope-services\/ski-shop\/\" target=\"_blank\" rel=\"noreferrer noopener\">Himos Ski Shop<\/a><\/strong><br>T. +358 (0)20 711 9100 | L\u00e4nsikeskuksentie 9 | 42100 J\u00e4ms\u00e4<br>From Ski Shop you find a great selection of helmets, goggles, socks, beanies and ski gloves from top brands. Also Himos souveniers can be bought from the ski shop!<br><\/figcaption><\/figure>\n<\/div>\n\n\n\n<div class=\"wp-container-2 wp-block-column\">\n<figure class=\"wp-block-image size-full\"><a href=\"https:\/\/www.centermarkethimos.fi\/\" target=\"_blank\" rel=\"noreferrer noopener\"><img loading=\"lazy\" width=\"658\" height=\"400\" src=\"https:\/\/himos.fi\/wp-content\/uploads\/2025\/10\/CenterMarketHimos-25-26-eng.jpg\" alt=\"\" class=\"wp-image-28255\" srcset=\"https:\/\/himos.fi\/wp-content\/uploads\/2025\/10\/CenterMarketHimos-25-26-eng.jpg 658w, https:\/\/himos.fi\/wp-content\/uploads\/2025\/10\/CenterMarketHimos-25-26-eng-300x182.jpg 300w\" sizes=\"(max-width: 658px) 100vw, 658px\" \/><\/a><figcaption><strong><a href=\"https:\/\/www.centermarkethimos.fi\/\" target=\"_blank\" rel=\"noreferrer noopener\">Center Market Himos<\/a><\/strong><br>T. + 358 (0)40 861 2699 | L\u00e4nsi-Himoksentie 4 | 42100 J\u00e4ms\u00e4<br>Fresh homemade bakeries, groceries, foods, beverages, souvenirs and much more. Our selection also includes local products. Welcome to visit! <\/figcaption><\/figure>\n<\/div>\n\n\n\n<div class=\"wp-container-3 wp-block-column\">\n<figure class=\"wp-block-image size-full\"><a href=\"https:\/\/www.vehkala.com\/\" target=\"_blank\" rel=\"noreferrer noopener\"><img loading=\"lazy\" width=\"658\" height=\"400\" src=\"https:\/\/himos.fi\/wp-content\/uploads\/2024\/02\/Vehkala23-24-Wanted.jpg\" alt=\"\" class=\"wp-image-20042\" srcset=\"https:\/\/himos.fi\/wp-content\/uploads\/2024\/02\/Vehkala23-24-Wanted.jpg 658w, https:\/\/himos.fi\/wp-content\/uploads\/2024\/02\/Vehkala23-24-Wanted-300x182.jpg 300w\" sizes=\"(max-width: 658px) 100vw, 658px\" \/><\/a><figcaption><strong><a href=\"https:\/\/www.vehkala.com\/\" target=\"_blank\" rel=\"noreferrer noopener\">Vehkala Jeans Dealer<\/a><\/strong><br>T. +358 (0)400 406 454 | Mottilantie 8 |<br>42100 J\u00e4ms\u00e4<br>Jeans, jackets, hoodies, shrits, skirts, shorts, belts, shoes, bags, accessories&#8230;<br>Unique athospehre and unbeatable selection!<\/figcaption><\/figure>\n<\/div>\n<\/div>\n\n\n\n<div class=\"wp-container-8 wp-block-columns has-3-columns\">\n<div class=\"wp-container-5 wp-block-column\">\n<figure class=\"wp-block-image size-full\"><a href=\"https:\/\/www.lahtiset.fi\/en\/frontpage\/\" target=\"_blank\" rel=\"noopener\"><img loading=\"lazy\" width=\"658\" height=\"400\" src=\"https:\/\/himos.fi\/wp-content\/uploads\/2025\/10\/Lahtiset-25-26-eng.jpg\" alt=\"\" class=\"wp-image-28348\" srcset=\"https:\/\/himos.fi\/wp-content\/uploads\/2025\/10\/Lahtiset-25-26-eng.jpg 658w, https:\/\/himos.fi\/wp-content\/uploads\/2025\/10\/Lahtiset-25-26-eng-300x182.jpg 300w\" sizes=\"(max-width: 658px) 100vw, 658px\" \/><\/a><figcaption><strong><a href=\"https:\/\/www.lahtiset.fi\/en\/frontpage\/\" target=\"_blank\" rel=\"noreferrer noopener\">Huopaliike Lahtinen Ay<\/a><\/strong><br>T. +358 (0)14 768 147 | Partalantie 267 | 42100 J\u00e4ms\u00e4<br><br>In Lahtinen\u00b4s high-quality fet shoes, bags, hats, and other cozy products, tradition, design, Finnish craftsmanship, and sustainability come together.<br>Find the perfect gift or souvenir &#8211; or treat yourself, your home, or your cottage!<br>Our shop is open from Monday to Friday, 9am &#8211; 4pm, Welcome!<br><\/figcaption><\/figure>\n<\/div>\n\n\n\n<div class=\"wp-container-6 wp-block-column\">\n<figure class=\"wp-block-image size-full\"><img loading=\"lazy\" width=\"658\" height=\"400\" src=\"https:\/\/himos.fi\/wp-content\/uploads\/2026\/01\/Koskenpaan-kammari-25-26-eng.png\" alt=\"\" class=\"wp-image-29852\" srcset=\"https:\/\/himos.fi\/wp-content\/uploads\/2026\/01\/Koskenpaan-kammari-25-26-eng.png 658w, https:\/\/himos.fi\/wp-content\/uploads\/2026\/01\/Koskenpaan-kammari-25-26-eng-300x182.png 300w\" sizes=\"(max-width: 658px) 100vw, 658px\" \/><figcaption><strong><a href=\"https:\/\/kammari.fi\/\">Koskenp\u00e4\u00e4n Kammari<\/a><\/strong><br>T. +358 (0)44 366 9980 | J\u00e4ms\u00e4nkoskentie 25 | 42440 Koskenp\u00e4\u00e4<br><br>Welcome to Koskenp\u00e4\u00e4n Kammari \u2013 to a place where joy meets love and you will always find something to give!<\/figcaption><\/figure>\n<\/div>\n\n\n\n<div class=\"wp-container-7 wp-block-column\"><\/div>\n<\/div>\n","protected":false},"excerpt":{"rendered":"<p>SHOPPING IN J\u00c4MS\u00c4 AREA<\/p>\n","protected":false},"author":1,"featured_media":0,"parent":3051,"menu_order":3,"comment_status":"closed","ping_status":"closed","template":"template-sub.php","meta":[],"acf":[],"featured_image_src":null,"yoast_head":"<!-- This site is optimized with the Yoast SEO plugin v19.11 - https:\/\/yoast.com\/wordpress\/plugins\/seo\/ -->\n<title>Shopping - Himos.fi | Central point of Skiing Finland!<\/title>\n<meta name=\"robots\" content=\"index, follow, max-snippet:-1, max-image-preview:large, max-video-preview:-1\" \/>\n<link rel=\"canonical\" href=\"https:\/\/himos.fi\/en\/other-services\/shopping\/\" \/>\n<meta property=\"og:locale\" content=\"en_US\" \/>\n<meta property=\"og:type\" content=\"article\" \/>\n<meta property=\"og:title\" content=\"Shopping - Himos.fi | Central point of Skiing Finland!\" \/>\n<meta property=\"og:description\" content=\"SHOPPING IN J\u00c4MS\u00c4 AREA\" \/>\n<meta property=\"og:url\" content=\"https:\/\/himos.fi\/en\/other-services\/shopping\/\" \/>\n<meta property=\"og:site_name\" content=\"Himos.fi\" \/>\n<meta property=\"article:publisher\" content=\"https:\/\/www.facebook.com\/himosskiresort\/\" \/>\n<meta property=\"article:modified_time\" content=\"2026-01-17T13:43:58+00:00\" \/>\n<meta property=\"og:image\" content=\"https:\/\/himos.fi\/wp-content\/uploads\/2020\/12\/skishop_ostokset.jpg\" \/>\n<meta name=\"twitter:card\" content=\"summary_large_image\" \/>\n<meta name=\"twitter:label1\" content=\"Est. reading time\" \/>\n\t<meta name=\"twitter:data1\" content=\"1 minute\" \/>\n<script type=\"application\/ld+json\" class=\"yoast-schema-graph\">{\"@context\":\"https:\/\/schema.org\",\"@graph\":[{\"@type\":\"WebPage\",\"@id\":\"https:\/\/himos.fi\/en\/other-services\/shopping\/\",\"url\":\"https:\/\/himos.fi\/en\/other-services\/shopping\/\",\"name\":\"Shopping - Himos.fi | Central point of Skiing Finland!\",\"isPartOf\":{\"@id\":\"https:\/\/himos.fi\/en\/#website\"},\"datePublished\":\"2019-08-06T06:46:59+00:00\",\"dateModified\":\"2026-01-17T13:43:58+00:00\",\"breadcrumb\":{\"@id\":\"https:\/\/himos.fi\/en\/other-services\/shopping\/#breadcrumb\"},\"inLanguage\":\"en-US\",\"potentialAction\":[{\"@type\":\"ReadAction\",\"target\":[\"https:\/\/himos.fi\/en\/other-services\/shopping\/\"]}]},{\"@type\":\"BreadcrumbList\",\"@id\":\"https:\/\/himos.fi\/en\/other-services\/shopping\/#breadcrumb\",\"itemListElement\":[{\"@type\":\"ListItem\",\"position\":1,\"name\":\"Home\",\"item\":\"https:\/\/himos.fi\/en\/\"},{\"@type\":\"ListItem\",\"position\":2,\"name\":\"Other Services\",\"item\":\"https:\/\/himos.fi\/en\/other-services\/\"},{\"@type\":\"ListItem\",\"position\":3,\"name\":\"Shopping\"}]},{\"@type\":\"WebSite\",\"@id\":\"https:\/\/himos.fi\/en\/#website\",\"url\":\"https:\/\/himos.fi\/en\/\",\"name\":\"Himos.fi\",\"description\":\"Lumi-Suomen keskipiste!\",\"publisher\":{\"@id\":\"https:\/\/himos.fi\/en\/#organization\"},\"potentialAction\":[{\"@type\":\"SearchAction\",\"target\":{\"@type\":\"EntryPoint\",\"urlTemplate\":\"https:\/\/himos.fi\/en\/?s={search_term_string}\"},\"query-input\":\"required name=search_term_string\"}],\"inLanguage\":\"en-US\"},{\"@type\":\"Organization\",\"@id\":\"https:\/\/himos.fi\/en\/#organization\",\"name\":\"Himos-Yhti\u00f6t Oy\",\"url\":\"https:\/\/himos.fi\/en\/\",\"logo\":{\"@type\":\"ImageObject\",\"inLanguage\":\"en-US\",\"@id\":\"https:\/\/himos.fi\/en\/#\/schema\/logo\/image\/\",\"url\":\"https:\/\/himos.fi\/wp-content\/uploads\/2019\/09\/logo-meili.jpg\",\"contentUrl\":\"https:\/\/himos.fi\/wp-content\/uploads\/2019\/09\/logo-meili.jpg\",\"width\":273,\"height\":96,\"caption\":\"Himos-Yhti\u00f6t Oy\"},\"image\":{\"@id\":\"https:\/\/himos.fi\/en\/#\/schema\/logo\/image\/\"},\"sameAs\":[\"https:\/\/www.instagram.com\/himosskiresort\/\",\"https:\/\/www.youtube.com\/channel\/UCwqSxGN5HaqH3FvCl96ZBFw\",\"https:\/\/www.facebook.com\/himosskiresort\/\"]}]}<\/script>\n<!-- \/ Yoast SEO plugin. -->","yoast_head_json":{"title":"Shopping - Himos.fi | Central point of Skiing Finland!","robots":{"index":"index","follow":"follow","max-snippet":"max-snippet:-1","max-image-preview":"max-image-preview:large","max-video-preview":"max-video-preview:-1"},"canonical":"https:\/\/himos.fi\/en\/other-services\/shopping\/","og_locale":"en_US","og_type":"article","og_title":"Shopping - Himos.fi | Central point of Skiing Finland!","og_description":"SHOPPING IN J\u00c4MS\u00c4 AREA","og_url":"https:\/\/himos.fi\/en\/other-services\/shopping\/","og_site_name":"Himos.fi","article_publisher":"https:\/\/www.facebook.com\/himosskiresort\/","article_modified_time":"2026-01-17T13:43:58+00:00","og_image":[{"url":"https:\/\/himos.fi\/wp-content\/uploads\/2020\/12\/skishop_ostokset.jpg"}],"twitter_card":"summary_large_image","twitter_misc":{"Est. reading time":"1 minute"},"schema":{"@context":"https:\/\/schema.org","@graph":[{"@type":"WebPage","@id":"https:\/\/himos.fi\/en\/other-services\/shopping\/","url":"https:\/\/himos.fi\/en\/other-services\/shopping\/","name":"Shopping - Himos.fi | Central point of Skiing Finland!","isPartOf":{"@id":"https:\/\/himos.fi\/en\/#website"},"datePublished":"2019-08-06T06:46:59+00:00","dateModified":"2026-01-17T13:43:58+00:00","breadcrumb":{"@id":"https:\/\/himos.fi\/en\/other-services\/shopping\/#breadcrumb"},"inLanguage":"en-US","potentialAction":[{"@type":"ReadAction","target":["https:\/\/himos.fi\/en\/other-services\/shopping\/"]}]},{"@type":"BreadcrumbList","@id":"https:\/\/himos.fi\/en\/other-services\/shopping\/#breadcrumb","itemListElement":[{"@type":"ListItem","position":1,"name":"Home","item":"https:\/\/himos.fi\/en\/"},{"@type":"ListItem","position":2,"name":"Other Services","item":"https:\/\/himos.fi\/en\/other-services\/"},{"@type":"ListItem","position":3,"name":"Shopping"}]},{"@type":"WebSite","@id":"https:\/\/himos.fi\/en\/#website","url":"https:\/\/himos.fi\/en\/","name":"Himos.fi","description":"Lumi-Suomen keskipiste!","publisher":{"@id":"https:\/\/himos.fi\/en\/#organization"},"potentialAction":[{"@type":"SearchAction","target":{"@type":"EntryPoint","urlTemplate":"https:\/\/himos.fi\/en\/?s={search_term_string}"},"query-input":"required name=search_term_string"}],"inLanguage":"en-US"},{"@type":"Organization","@id":"https:\/\/himos.fi\/en\/#organization","name":"Himos-Yhti\u00f6t Oy","url":"https:\/\/himos.fi\/en\/","logo":{"@type":"ImageObject","inLanguage":"en-US","@id":"https:\/\/himos.fi\/en\/#\/schema\/logo\/image\/","url":"https:\/\/himos.fi\/wp-content\/uploads\/2019\/09\/logo-meili.jpg","contentUrl":"https:\/\/himos.fi\/wp-content\/uploads\/2019\/09\/logo-meili.jpg","width":273,"height":96,"caption":"Himos-Yhti\u00f6t Oy"},"image":{"@id":"https:\/\/himos.fi\/en\/#\/schema\/logo\/image\/"},"sameAs":["https:\/\/www.instagram.com\/himosskiresort\/","https:\/\/www.youtube.com\/channel\/UCwqSxGN5HaqH3FvCl96ZBFw","https:\/\/www.facebook.com\/himosskiresort\/"]}]}},"_links":{"self":[{"href":"https:\/\/himos.fi\/en\/wp-json\/wp\/v2\/pages\/3241"}],"collection":[{"href":"https:\/\/himos.fi\/en\/wp-json\/wp\/v2\/pages"}],"about":[{"href":"https:\/\/himos.fi\/en\/wp-json\/wp\/v2\/types\/page"}],"author":[{"embeddable":true,"href":"https:\/\/himos.fi\/en\/wp-json\/wp\/v2\/users\/1"}],"replies":[{"embeddable":true,"href":"https:\/\/himos.fi\/en\/wp-json\/wp\/v2\/comments?post=3241"}],"version-history":[{"count":29,"href":"https:\/\/himos.fi\/en\/wp-json\/wp\/v2\/pages\/3241\/revisions"}],"predecessor-version":[{"id":29857,"href":"https:\/\/himos.fi\/en\/wp-json\/wp\/v2\/pages\/3241\/revisions\/29857"}],"up":[{"embeddable":true,"href":"https:\/\/himos.fi\/en\/wp-json\/wp\/v2\/pages\/3051"}],"wp:attachment":[{"href":"https:\/\/himos.fi\/en\/wp-json\/wp\/v2\/media?parent=3241"}],"curies":[{"name":"wp","href":"https:\/\/api.w.org\/{rel}","templated":true}]}}