{"id":3417,"date":"2019-09-03T17:41:45","date_gmt":"2019-09-03T14:41:45","guid":{"rendered":"https:\/\/himos.fi\/tietosuojaseloste\/"},"modified":"2025-11-19T10:39:44","modified_gmt":"2025-11-19T08:39:44","slug":"tietosuojaseloste","status":"publish","type":"page","link":"https:\/\/himos.fi\/en\/tietosuojaseloste\/","title":{"rendered":"Privacy Notice"},"content":{"rendered":"\n<h2>Privacy Notice of Himos-Yhti\u00f6t Ltd<\/h2>\n\n\n\n<div class=\"wp-container-3 wp-block-columns has-2-columns\">\n<div class=\"wp-container-1 wp-block-column\">\n<p><\/p>\n\n\n\n<p>Personal Data Act (523\/99) 10 \u00a7<br>Date of issue 1.1.2018 (13.8.2018)<\/p>\n\n\n\n<p><strong>1. REGISTER HOLDER<\/strong><\/p>\n\n\n\n<p>Himos-Yhti\u00f6t Ltd<br>L\u00e4nsikeskuksentie 11<br>42100 J\u00e4ms\u00e4<\/p>\n\n\n\n<p>T. +358 20&nbsp;711 9100<\/p>\n\n\n\n<p><strong>2. PERSON IN CHARGE OF REGISTER<\/strong><\/p>\n\n\n\n<p>Ceo Elsi Ojala<\/p>\n\n\n\n<p>T. +358 20&nbsp;711 9100<\/p>\n\n\n\n<p>Email: elsi.ojala@himos.fi<\/p>\n\n\n\n<p><strong>3. NAME OF REGISTER<\/strong><\/p>\n\n\n\n<p>The customer register of Himos-Yhti\u00f6t Ltd.<\/p>\n\n\n\n<p><strong>4. HOW WE COLLECT YOUR PERSONAL DATA<\/strong><\/p>\n\n\n\n<p>When processing  your personal data in the customer register, it&#8217;s based on customer relationship between customer and business customers and Himos-Yhti\u00f6t Ltd. <\/p>\n\n\n\n<p>The controller also processes customer data based on an agreement between the controller and the customer. This is the basis for we process data that is collected from the customer.<\/p>\n\n\n\n<p>\u2013 in ski rental for renting equipment.<br><br> \u2013 in event registration. <\/p>\n\n\n\n<p><strong>5. INFORMATION COLLECTION AND USE<\/strong><\/p>\n\n\n\n<p>The purposes of using customer data are:<\/p>\n\n\n\n<p>\u2013 cuostomer relationship management and development<\/p>\n\n\n\n<p>\u2013 processing of customer bookings<\/p>\n\n\n\n<p>\u2013 processing of event registration <\/p>\n\n\n\n<p>\u2013 processing of personal data related to payment, invoicing and control and collection of payments<\/p>\n\n\n\n<p>\u2013 marketing of controllers services<\/p>\n\n\n\n<p>\u2013 development of the controller business and customer service<\/p>\n\n\n\n<p>\u2013 employee<\/p>\n\n\n\n<p>\u2013 in group resrvations, customers special diet information are used only for food preparation and service.<\/p>\n\n\n\n<p><strong>6. THE PROCESS OF PERSONAL DATA<\/strong><\/p>\n\n\n\n<p>The controller shall process the following personal data of clients in accordance with the current legislation and the needs of the client relationship:<\/p>\n\n\n\n<p>\u2013 first- and surename<br>\u2013 address<br>\u2013 email<br>\u2013 phone number<br>\u2013 age<br>\u2013 date of birth<br>\u2013 photo<br>\u2013 Smartcard&#8217;s WTP-no and serial no<br>\u2013 date of purchase<br>\u2013 the period of validity<br>\u2013 use and purchase of services<br>\u2013 booking information<br>\u2013 username<br>\u2013 group&#8217;s, ski team&#8217;s\/company&#8217;s name<br>\u2013 VAT no<br>\u2013 special diet<br>\u2013 payment information<br>\u2013 invoicing<br>\u2013 possible payment delay information<br>\u2013 personal identification number<br>\u2013 account number<br>\u2013 type of employment<br>\u2013 education<br>\u2013 salery data<\/p>\n\n\n\n<p>The information listed above is stored to the extent that it relates to the customer relationship.<\/p>\n\n\n\n<p>For equipment rental, additional information is required in accordance with the delivery terms, such as:<\/p>\n\n\n\n<p>\u2013 level of skills<br>\u2013 weight<br>\u2013 length<\/p>\n\n\n\n<p>The controller shall process the following data of company clients:<\/p>\n\n\n\n<p>\u2013 Company&#8217;s contact person&#8217;s name, address, email and phone number<br>\u2013  Statutory prohibitions on direct mail, distance selling and other direct marketing informed by company&#8217;s contact person.<br>\u2013 Possible customer feedback and complaint information.<\/p>\n\n\n\n<p><strong>7. SOURCES OF INFORMATION<\/strong><\/p>\n\n\n\n<p>\u2013 Information provided by the customer.<br>\u2013 Customer, companion or a member of a group.<\/p>\n\n\n\n<p><strong>8. SERVICE PROVIDERS<\/strong><\/p>\n\n\n\n<p>We may transfer data to third-party companies and individuals (EK-tilit Oy, Axess, Easyrent, Lyyti Oy, Netvisor) due to the following reasons; the technical implementation of the requiested service requires it or it is necessary according to the Parts 2 to 5 of Section 23 of the Personal Data Act. Information may also be disclosed to authorities on the basis of statutory requests for information.<\/p>\n\n\n\n<p><strong>9. DATA TRANSFER OUTSIDE OF THE EU OR THE EUROPEAN ECONOMIC AREA<\/strong><\/p>\n\n\n\n<p>Data may be transferred outside of the EU and the European Economic Area if the technical realization of the service requested by the customer so requires, or for some other reason if necessary by Parts 2 to 5 of  Section 23 of the Personal Data Act. Non-EU partners are required to adhere to the EU data protection regulations.<\/p>\n\n\n\n<p><strong>10. THE STORAGE TIME OF PERSONAL DATA<\/strong><\/p>\n\n\n\n<p>Customer&#8217;s personal data in the customer register will be processed during the customer relationship. The controller shall consider the relationship to be ended if the customer has not used the services in five years. The time is calculated from the the end of the calendar year in which the customer last used the services. The data will be deleted within twelve months of the end of the relationship, unless there are other reasons to keep the data.<\/p>\n\n\n\n<p>However, after the end of the relationship, the information may be stored and processed if necessary fo the purpose of dealing with complaints. The retention period of the data in the customer register also complies with the statutory retention periods such as the Accounting Act. The information required by the Accounting Act is retained for as long as the Accounting Act requires.<\/p>\n\n\n\n<p>Company customer&#8217;s contact information will be deleted after the end of the business relationship. However the data may subsequently be stored if there are other reasons for that.<\/p>\n\n\n\n<p>When data are processed under a contact between the controller and customer, the data shall be kept for as long as the data are necessary for the implementation of the contract. Once the contract has been completed, the information will be retained for as long as the customer relationshiop exists or there is another reason for processing (eg. claims or Accounting Act).<\/p>\n\n\n\n<p>During the customer relationship, only information that is necessary for the identified purposes is processed. The controller shall periodically carry out periodic checks in order to remove unnecessary data.<\/p>\n\n\n\n<p>When the relationship ends, the customer data can be transferred to the company&#8217;s direct marketing register for individuals who have not denied the use of their data for direct marketing.<\/p>\n\n\n\n<p><strong>11. REGISTERS RIGHTS AND OPTIONS REGARDING THE PROCESSING OF PERSONAL DATA<\/strong><\/p>\n\n\n\n<p>As outlined in the Personal Data Act, a registered customer has the right to check their information in the customer register. <\/p>\n\n\n\n<p>A registered customer has the right to correct any false information found in their personal data.<\/p>\n\n\n\n<p>A registered customer has the right to data deletion.<\/p>\n\n\n\n<p>A registered customer has the right to deny the using and processing of their information for the purposes of sales, direct marketing, and marketing and opinion survey.<\/p>\n\n\n\n<p><strong>12. RIGHT TO COMPLAIN TO THE OFFICE OF THE DATA PROTECTION OMBUDSMAN<\/strong><\/p>\n\n\n\n<p>A registered customer has the right to complain to the Office of the Data Protection Ombudsman, if registered customer is of the opinion that the controller has not complied with applicable data protection rules.<\/p>\n\n\n\n<p><strong>13. REQUESTS FOR THE EXERCISE OF RIGHTS OF THE REGISTERED<\/strong><\/p>\n\n\n\n<p>In matters relating to the processing of personal data and the exercise of one&#8217;s rights, the registered customer contact the controller. <\/p>\n\n\n\n<p>Request must be sent in writing via e-mail or post to the person in charge of the register, specified in section 2. Request must be signed by the registered customer.<\/p>\n\n\n\n<p>The controller may ask for more information from the registered customer, for what data the request concerns.<\/p>\n\n\n\n<p>The controller has the right to ask the registered customer to indentify oneself with an official ID to ensure that personal data is not disclosed to anyone other than the registered customer.<\/p>\n\n\n\n<p><strong>14. DATA PROTECTION PRINCIPLES<\/strong><\/p>\n\n\n\n<p>Manually processed files containingn information about registered customers are stored in a secure facility with no unauthorized access.<\/p>\n\n\n\n<p>Digitally processed data are located in an internet-based service secured by the SSL protocol. Used only by authorized personnel who each have their own personal user name and password. Users are obligated to confidentiality.  Users are authorized and overseen by the person in charge of the register.<\/p>\n\n\n\n<h2>Cookies<\/h2>\n\n\n\n<div id=\"cookiefirst-policy-page\"><\/div>\n<\/div>\n\n\n\n<div class=\"wp-container-2 wp-block-column\">\n<p><\/p>\n<\/div>\n<\/div>\n\n\n\n<p><\/p>\n","protected":false},"excerpt":{"rendered":"<p>Privacy Notice of Himos-Yhti\u00f6t Ltd Personal Data Act (523\/99) 10 \u00a7Date of issue 1.1.2018 (13.8.2018) 1. REGISTER HOLDER Himos-Yhti\u00f6t LtdL\u00e4nsikeskuksentie 1142100 J\u00e4ms\u00e4 T. +358 20&nbsp;711 9100 2. PERSON IN CHARGE OF REGISTER Ceo Elsi Ojala T. +358 20&nbsp;711 9100 Email: elsi.ojala@himos.fi 3. NAME OF REGISTER The customer register of Himos-Yhti\u00f6t Ltd. 4. HOW WE COLLECT [&hellip;]<\/p>\n","protected":false},"author":1,"featured_media":0,"parent":0,"menu_order":9,"comment_status":"closed","ping_status":"closed","template":"template-sub.php","meta":[],"acf":[],"featured_image_src":null,"yoast_head":"<!-- This site is optimized with the Yoast SEO plugin v19.11 - https:\/\/yoast.com\/wordpress\/plugins\/seo\/ -->\n<title>Privacy Notice - Himos.fi | Central point of Skiing Finland!<\/title>\n<meta name=\"robots\" content=\"index, follow, max-snippet:-1, max-image-preview:large, max-video-preview:-1\" \/>\n<link rel=\"canonical\" href=\"https:\/\/himos.fi\/en\/tietosuojaseloste\/\" \/>\n<meta property=\"og:locale\" content=\"en_US\" \/>\n<meta property=\"og:type\" content=\"article\" \/>\n<meta property=\"og:title\" content=\"Privacy Notice - Himos.fi | Central point of Skiing Finland!\" \/>\n<meta property=\"og:description\" content=\"Privacy Notice of Himos-Yhti\u00f6t Ltd Personal Data Act (523\/99) 10 \u00a7Date of issue 1.1.2018 (13.8.2018) 1. REGISTER HOLDER Himos-Yhti\u00f6t LtdL\u00e4nsikeskuksentie 1142100 J\u00e4ms\u00e4 T. +358 20&nbsp;711 9100 2. PERSON IN CHARGE OF REGISTER Ceo Elsi Ojala T. +358 20&nbsp;711 9100 Email: elsi.ojala@himos.fi 3. NAME OF REGISTER The customer register of Himos-Yhti\u00f6t Ltd. 4. HOW WE COLLECT [&hellip;]\" \/>\n<meta property=\"og:url\" content=\"https:\/\/himos.fi\/en\/tietosuojaseloste\/\" \/>\n<meta property=\"og:site_name\" content=\"Himos.fi\" \/>\n<meta property=\"article:publisher\" content=\"https:\/\/www.facebook.com\/himosskiresort\/\" \/>\n<meta property=\"article:modified_time\" content=\"2025-11-19T08:39:44+00:00\" \/>\n<meta name=\"twitter:card\" content=\"summary_large_image\" \/>\n<meta name=\"twitter:label1\" content=\"Est. reading time\" \/>\n\t<meta name=\"twitter:data1\" content=\"5 minutes\" \/>\n<script type=\"application\/ld+json\" class=\"yoast-schema-graph\">{\"@context\":\"https:\/\/schema.org\",\"@graph\":[{\"@type\":\"WebPage\",\"@id\":\"https:\/\/himos.fi\/en\/tietosuojaseloste\/\",\"url\":\"https:\/\/himos.fi\/en\/tietosuojaseloste\/\",\"name\":\"Privacy Notice - Himos.fi | Central point of Skiing Finland!\",\"isPartOf\":{\"@id\":\"https:\/\/himos.fi\/en\/#website\"},\"datePublished\":\"2019-09-03T14:41:45+00:00\",\"dateModified\":\"2025-11-19T08:39:44+00:00\",\"breadcrumb\":{\"@id\":\"https:\/\/himos.fi\/en\/tietosuojaseloste\/#breadcrumb\"},\"inLanguage\":\"en-US\",\"potentialAction\":[{\"@type\":\"ReadAction\",\"target\":[\"https:\/\/himos.fi\/en\/tietosuojaseloste\/\"]}]},{\"@type\":\"BreadcrumbList\",\"@id\":\"https:\/\/himos.fi\/en\/tietosuojaseloste\/#breadcrumb\",\"itemListElement\":[{\"@type\":\"ListItem\",\"position\":1,\"name\":\"Home\",\"item\":\"https:\/\/himos.fi\/en\/\"},{\"@type\":\"ListItem\",\"position\":2,\"name\":\"Privacy Notice\"}]},{\"@type\":\"WebSite\",\"@id\":\"https:\/\/himos.fi\/en\/#website\",\"url\":\"https:\/\/himos.fi\/en\/\",\"name\":\"Himos.fi\",\"description\":\"Lumi-Suomen keskipiste!\",\"publisher\":{\"@id\":\"https:\/\/himos.fi\/en\/#organization\"},\"potentialAction\":[{\"@type\":\"SearchAction\",\"target\":{\"@type\":\"EntryPoint\",\"urlTemplate\":\"https:\/\/himos.fi\/en\/?s={search_term_string}\"},\"query-input\":\"required name=search_term_string\"}],\"inLanguage\":\"en-US\"},{\"@type\":\"Organization\",\"@id\":\"https:\/\/himos.fi\/en\/#organization\",\"name\":\"Himos-Yhti\u00f6t Oy\",\"url\":\"https:\/\/himos.fi\/en\/\",\"logo\":{\"@type\":\"ImageObject\",\"inLanguage\":\"en-US\",\"@id\":\"https:\/\/himos.fi\/en\/#\/schema\/logo\/image\/\",\"url\":\"https:\/\/himos.fi\/wp-content\/uploads\/2019\/09\/logo-meili.jpg\",\"contentUrl\":\"https:\/\/himos.fi\/wp-content\/uploads\/2019\/09\/logo-meili.jpg\",\"width\":273,\"height\":96,\"caption\":\"Himos-Yhti\u00f6t Oy\"},\"image\":{\"@id\":\"https:\/\/himos.fi\/en\/#\/schema\/logo\/image\/\"},\"sameAs\":[\"https:\/\/www.instagram.com\/himosskiresort\/\",\"https:\/\/www.youtube.com\/channel\/UCwqSxGN5HaqH3FvCl96ZBFw\",\"https:\/\/www.facebook.com\/himosskiresort\/\"]}]}<\/script>\n<!-- \/ Yoast SEO plugin. -->","yoast_head_json":{"title":"Privacy Notice - Himos.fi | Central point of Skiing Finland!","robots":{"index":"index","follow":"follow","max-snippet":"max-snippet:-1","max-image-preview":"max-image-preview:large","max-video-preview":"max-video-preview:-1"},"canonical":"https:\/\/himos.fi\/en\/tietosuojaseloste\/","og_locale":"en_US","og_type":"article","og_title":"Privacy Notice - Himos.fi | Central point of Skiing Finland!","og_description":"Privacy Notice of Himos-Yhti\u00f6t Ltd Personal Data Act (523\/99) 10 \u00a7Date of issue 1.1.2018 (13.8.2018) 1. REGISTER HOLDER Himos-Yhti\u00f6t LtdL\u00e4nsikeskuksentie 1142100 J\u00e4ms\u00e4 T. +358 20&nbsp;711 9100 2. PERSON IN CHARGE OF REGISTER Ceo Elsi Ojala T. +358 20&nbsp;711 9100 Email: elsi.ojala@himos.fi 3. NAME OF REGISTER The customer register of Himos-Yhti\u00f6t Ltd. 4. HOW WE COLLECT [&hellip;]","og_url":"https:\/\/himos.fi\/en\/tietosuojaseloste\/","og_site_name":"Himos.fi","article_publisher":"https:\/\/www.facebook.com\/himosskiresort\/","article_modified_time":"2025-11-19T08:39:44+00:00","twitter_card":"summary_large_image","twitter_misc":{"Est. reading time":"5 minutes"},"schema":{"@context":"https:\/\/schema.org","@graph":[{"@type":"WebPage","@id":"https:\/\/himos.fi\/en\/tietosuojaseloste\/","url":"https:\/\/himos.fi\/en\/tietosuojaseloste\/","name":"Privacy Notice - Himos.fi | Central point of Skiing Finland!","isPartOf":{"@id":"https:\/\/himos.fi\/en\/#website"},"datePublished":"2019-09-03T14:41:45+00:00","dateModified":"2025-11-19T08:39:44+00:00","breadcrumb":{"@id":"https:\/\/himos.fi\/en\/tietosuojaseloste\/#breadcrumb"},"inLanguage":"en-US","potentialAction":[{"@type":"ReadAction","target":["https:\/\/himos.fi\/en\/tietosuojaseloste\/"]}]},{"@type":"BreadcrumbList","@id":"https:\/\/himos.fi\/en\/tietosuojaseloste\/#breadcrumb","itemListElement":[{"@type":"ListItem","position":1,"name":"Home","item":"https:\/\/himos.fi\/en\/"},{"@type":"ListItem","position":2,"name":"Privacy Notice"}]},{"@type":"WebSite","@id":"https:\/\/himos.fi\/en\/#website","url":"https:\/\/himos.fi\/en\/","name":"Himos.fi","description":"Lumi-Suomen keskipiste!","publisher":{"@id":"https:\/\/himos.fi\/en\/#organization"},"potentialAction":[{"@type":"SearchAction","target":{"@type":"EntryPoint","urlTemplate":"https:\/\/himos.fi\/en\/?s={search_term_string}"},"query-input":"required name=search_term_string"}],"inLanguage":"en-US"},{"@type":"Organization","@id":"https:\/\/himos.fi\/en\/#organization","name":"Himos-Yhti\u00f6t Oy","url":"https:\/\/himos.fi\/en\/","logo":{"@type":"ImageObject","inLanguage":"en-US","@id":"https:\/\/himos.fi\/en\/#\/schema\/logo\/image\/","url":"https:\/\/himos.fi\/wp-content\/uploads\/2019\/09\/logo-meili.jpg","contentUrl":"https:\/\/himos.fi\/wp-content\/uploads\/2019\/09\/logo-meili.jpg","width":273,"height":96,"caption":"Himos-Yhti\u00f6t Oy"},"image":{"@id":"https:\/\/himos.fi\/en\/#\/schema\/logo\/image\/"},"sameAs":["https:\/\/www.instagram.com\/himosskiresort\/","https:\/\/www.youtube.com\/channel\/UCwqSxGN5HaqH3FvCl96ZBFw","https:\/\/www.facebook.com\/himosskiresort\/"]}]}},"_links":{"self":[{"href":"https:\/\/himos.fi\/en\/wp-json\/wp\/v2\/pages\/3417"}],"collection":[{"href":"https:\/\/himos.fi\/en\/wp-json\/wp\/v2\/pages"}],"about":[{"href":"https:\/\/himos.fi\/en\/wp-json\/wp\/v2\/types\/page"}],"author":[{"embeddable":true,"href":"https:\/\/himos.fi\/en\/wp-json\/wp\/v2\/users\/1"}],"replies":[{"embeddable":true,"href":"https:\/\/himos.fi\/en\/wp-json\/wp\/v2\/comments?post=3417"}],"version-history":[{"count":12,"href":"https:\/\/himos.fi\/en\/wp-json\/wp\/v2\/pages\/3417\/revisions"}],"predecessor-version":[{"id":9808,"href":"https:\/\/himos.fi\/en\/wp-json\/wp\/v2\/pages\/3417\/revisions\/9808"}],"wp:attachment":[{"href":"https:\/\/himos.fi\/en\/wp-json\/wp\/v2\/media?parent=3417"}],"curies":[{"name":"wp","href":"https:\/\/api.w.org\/{rel}","templated":true}]}}